{"id":848,"date":"2020-10-26T15:44:31","date_gmt":"2020-10-26T15:44:31","guid":{"rendered":"https:\/\/reservaiberica.at\/?post_type=product&#038;p=848"},"modified":"2023-08-17T12:24:45","modified_gmt":"2023-08-17T12:24:45","slug":"vizcara-laran-laran-ribera-del-duero","status":"publish","type":"product","link":"https:\/\/reservaiberica.at\/en\/product\/vizcara-laran-laran-ribera-del-duero\/","title":{"rendered":"Vizcarra Laran Laran Ribera del Duero"},"content":{"rendered":"<p>Strong and full bodied Red wine from the Duero valley. The wine matures 12 months in oak barrels. This is were it gets its well balanced and full body. Goes perfect with meat and flavourful tapas.<br \/>\nType: Red wine<br \/>\nVintage: 2018<br \/>\nRebsorten: Tempranillo 100%<br \/>\nBottle Size: 75 cl<br \/>\nRegion: Ribera del Duero<br \/>\nAlcohol level: 14,5% Vol.<br \/>\nDrinking temperatur: 14\u00b0-18\u00b0C<\/p>","protected":false},"excerpt":{"rendered":"<p>Kr\u00e4ftiger und vollmundiger Rotwein aus dem Duero Tal. Der reinrassige Tempranillo wird 12 Monate im Fass gelagert und erh\u00e4lt so einen sehr ausgewogenen kr\u00e4ftigen K\u00f6rper. Perfekt zu Fleisch und kr\u00e4ftigen Tapas. Weintyp:\u00a0Rotwein Jahrgang: 2018 Rebsorten: Tempranillo 100% Flaschengr\u00f6sse: 75 cl Region: Ribera del Duero Alkoholgehalt: 14,5 Trinktemperatur: 14\u00b0-18\u00b0C [&#8230;]<\/p>\n<p><a class=\"btn btn-secondary understrap-read-more-link\" href=\"https:\/\/reservaiberica.at\/en\/product\/vizcara-laran-laran-ribera-del-duero\/\">Read More&#8230;<span class=\"screen-reader-text\"> from Vizcarra Laran Laran Ribera del Duero<\/span><\/a><\/p>\n","protected":false},"featured_media":1024,"comment_status":"open","ping_status":"closed","template":"","meta":{"_seopress_robots_primary_cat":"none","_seopress_titles_title":"","_seopress_titles_desc":"","_seopress_robots_index":""},"product_brand":[],"product_cat":[29,34],"product_tag":[],"class_list":{"0":"post-848","1":"product","2":"type-product","3":"status-publish","4":"has-post-thumbnail","6":"product_cat-alleprodukte","7":"product_cat-cavavino","9":"first","10":"outofstock","11":"taxable","12":"shipping-taxable","13":"purchasable","14":"product-type-simple"},"jetpack_sharing_enabled":true,"_links":{"self":[{"href":"https:\/\/reservaiberica.at\/en\/wp-json\/wp\/v2\/product\/848","targetHints":{"allow":["GET"]}}],"collection":[{"href":"https:\/\/reservaiberica.at\/en\/wp-json\/wp\/v2\/product"}],"about":[{"href":"https:\/\/reservaiberica.at\/en\/wp-json\/wp\/v2\/types\/product"}],"replies":[{"embeddable":true,"href":"https:\/\/reservaiberica.at\/en\/wp-json\/wp\/v2\/comments?post=848"}],"wp:featuredmedia":[{"embeddable":true,"href":"https:\/\/reservaiberica.at\/en\/wp-json\/wp\/v2\/media\/1024"}],"wp:attachment":[{"href":"https:\/\/reservaiberica.at\/en\/wp-json\/wp\/v2\/media?parent=848"}],"wp:term":[{"taxonomy":"product_brand","embeddable":true,"href":"https:\/\/reservaiberica.at\/en\/wp-json\/wp\/v2\/product_brand?post=848"},{"taxonomy":"product_cat","embeddable":true,"href":"https:\/\/reservaiberica.at\/en\/wp-json\/wp\/v2\/product_cat?post=848"},{"taxonomy":"product_tag","embeddable":true,"href":"https:\/\/reservaiberica.at\/en\/wp-json\/wp\/v2\/product_tag?post=848"}],"curies":[{"name":"wp","href":"https:\/\/api.w.org\/{rel}","templated":true}]}}