{"id":846,"date":"2020-10-26T15:43:33","date_gmt":"2020-10-26T15:43:33","guid":{"rendered":"https:\/\/reservaiberica.at\/?post_type=product&#038;p=846"},"modified":"2023-08-17T12:24:47","modified_gmt":"2023-08-17T12:24:47","slug":"el-coto-rioja-crianza-seleccion-vinedos","status":"publish","type":"product","link":"https:\/\/reservaiberica.at\/en\/product\/el-coto-rioja-crianza-seleccion-vinedos\/","title":{"rendered":"El Coto Rioja Crianza Selecci\u00f3n Vi\u00f1edos"},"content":{"rendered":"<p>Well balanced and fresh Rioja Crianza made by El Coto. Beautiful notes of fruit and just the right lightness to enjoy the wine with strong fish such as tuna or sardines and all sorts of meat.<br \/>\nType: Red wine<br \/>\nVintage: 2017<br \/>\nRebsorten: Tempranillo 100%<br \/>\nBottle Size: 75 cl<br \/>\nRegion: Rioja<br \/>\nAlcohol level: 13,5% Vol.<br \/>\nDrinking temperatur: 14\u00b0-18\u00b0C<\/p>","protected":false},"excerpt":{"rendered":"<p>Ausgewogener und frischer Rioja Crianza aus dem Hause El Coto. Sch\u00f6ne Frucht und die n\u00f6tige Leichtigkeit um den Wein auch zu kr\u00e4ftigem Fisch wie Tunfisch oder Sardinen und Fleisch zu genie\u00dfen. Weintyp:\u00a0Rotwein Jahrgang: 2017 Rebsorten: Tempranillo 100% Flaschengr\u00f6sse: 75 cl Region: Rioja Alkoholgehalt: 13,5 Trinktemperatur: 14\u00b0-18\u00b0C [&#8230;]<\/p>\n<p><a class=\"btn btn-secondary understrap-read-more-link\" href=\"https:\/\/reservaiberica.at\/en\/product\/el-coto-rioja-crianza-seleccion-vinedos\/\">Read More&#8230;<span class=\"screen-reader-text\"> from El Coto Rioja Crianza Selecci\u00f3n Vi\u00f1edos<\/span><\/a><\/p>\n","protected":false},"featured_media":1026,"comment_status":"open","ping_status":"closed","template":"","meta":{"_seopress_robots_primary_cat":"none","_seopress_titles_title":"","_seopress_titles_desc":"","_seopress_robots_index":""},"product_brand":[],"product_cat":[29,34],"product_tag":[],"class_list":{"0":"post-846","1":"product","2":"type-product","3":"status-publish","4":"has-post-thumbnail","6":"product_cat-alleprodukte","7":"product_cat-cavavino","9":"first","10":"outofstock","11":"taxable","12":"shipping-taxable","13":"purchasable","14":"product-type-simple"},"jetpack_sharing_enabled":true,"_links":{"self":[{"href":"https:\/\/reservaiberica.at\/en\/wp-json\/wp\/v2\/product\/846","targetHints":{"allow":["GET"]}}],"collection":[{"href":"https:\/\/reservaiberica.at\/en\/wp-json\/wp\/v2\/product"}],"about":[{"href":"https:\/\/reservaiberica.at\/en\/wp-json\/wp\/v2\/types\/product"}],"replies":[{"embeddable":true,"href":"https:\/\/reservaiberica.at\/en\/wp-json\/wp\/v2\/comments?post=846"}],"wp:featuredmedia":[{"embeddable":true,"href":"https:\/\/reservaiberica.at\/en\/wp-json\/wp\/v2\/media\/1026"}],"wp:attachment":[{"href":"https:\/\/reservaiberica.at\/en\/wp-json\/wp\/v2\/media?parent=846"}],"wp:term":[{"taxonomy":"product_brand","embeddable":true,"href":"https:\/\/reservaiberica.at\/en\/wp-json\/wp\/v2\/product_brand?post=846"},{"taxonomy":"product_cat","embeddable":true,"href":"https:\/\/reservaiberica.at\/en\/wp-json\/wp\/v2\/product_cat?post=846"},{"taxonomy":"product_tag","embeddable":true,"href":"https:\/\/reservaiberica.at\/en\/wp-json\/wp\/v2\/product_tag?post=846"}],"curies":[{"name":"wp","href":"https:\/\/api.w.org\/{rel}","templated":true}]}}