{"id":844,"date":"2020-10-26T15:42:39","date_gmt":"2020-10-26T15:42:39","guid":{"rendered":"https:\/\/reservaiberica.at\/?post_type=product&#038;p=844"},"modified":"2023-08-17T12:24:48","modified_gmt":"2023-08-17T12:24:48","slug":"jose-parriente-sauvignon-blanc","status":"publish","type":"product","link":"https:\/\/reservaiberica.at\/en\/product\/jose-parriente-sauvignon-blanc\/","title":{"rendered":"Jos\u00e9 Pariente Sauvignon Blanc"},"content":{"rendered":"<p>Fruity Sauvignon blanc with a full body. Perfect match for fish but due to its strength also suitable for heavier tapas and ibericos.<\/p>\n<p>Type: White wine<br \/>\nVintage: 2019<br \/>\nGrapes: Sauvignon Blanc<br \/>\nBottle Size: 75 cl<br \/>\nRegion: Rueda<br \/>\nAlcohol level: 13% Vol.<br \/>\nDrinking temperatur: 8\u00b0-10\u00b0C<\/p>","protected":false},"excerpt":{"rendered":"<p>Fruchtiger Sauvignon blanc mit kr\u00e4ftigem K\u00f6rper. Perfekter Begleiter zu Fisch aber durch seinen vollen K\u00f6rper auch zu kr\u00e4ftigeren Tapas und Ibericos. Weintyp:\u00a0Wei\u00dfwein Jahrgang: 2019 Rebsorten: Sauvignon Blanc 100% Flaschengr\u00f6sse: 75 cl Region: Rueda Alkoholgehalt: 12,5% Trinktemperatur: 8\u00b0-10\u00b0C [&#8230;]<\/p>\n<p><a class=\"btn btn-secondary understrap-read-more-link\" href=\"https:\/\/reservaiberica.at\/en\/product\/jose-parriente-sauvignon-blanc\/\">Read More&#8230;<span class=\"screen-reader-text\"> from Jos\u00e9 Pariente Sauvignon Blanc<\/span><\/a><\/p>\n","protected":false},"featured_media":1027,"comment_status":"open","ping_status":"closed","template":"","meta":{"_seopress_robots_primary_cat":"none","_seopress_titles_title":"","_seopress_titles_desc":"","_seopress_robots_index":""},"product_brand":[],"product_cat":[29,34],"product_tag":[],"class_list":{"0":"post-844","1":"product","2":"type-product","3":"status-publish","4":"has-post-thumbnail","6":"product_cat-alleprodukte","7":"product_cat-cavavino","9":"first","10":"outofstock","11":"taxable","12":"shipping-taxable","13":"purchasable","14":"product-type-simple"},"jetpack_sharing_enabled":true,"_links":{"self":[{"href":"https:\/\/reservaiberica.at\/en\/wp-json\/wp\/v2\/product\/844","targetHints":{"allow":["GET"]}}],"collection":[{"href":"https:\/\/reservaiberica.at\/en\/wp-json\/wp\/v2\/product"}],"about":[{"href":"https:\/\/reservaiberica.at\/en\/wp-json\/wp\/v2\/types\/product"}],"replies":[{"embeddable":true,"href":"https:\/\/reservaiberica.at\/en\/wp-json\/wp\/v2\/comments?post=844"}],"wp:featuredmedia":[{"embeddable":true,"href":"https:\/\/reservaiberica.at\/en\/wp-json\/wp\/v2\/media\/1027"}],"wp:attachment":[{"href":"https:\/\/reservaiberica.at\/en\/wp-json\/wp\/v2\/media?parent=844"}],"wp:term":[{"taxonomy":"product_brand","embeddable":true,"href":"https:\/\/reservaiberica.at\/en\/wp-json\/wp\/v2\/product_brand?post=844"},{"taxonomy":"product_cat","embeddable":true,"href":"https:\/\/reservaiberica.at\/en\/wp-json\/wp\/v2\/product_cat?post=844"},{"taxonomy":"product_tag","embeddable":true,"href":"https:\/\/reservaiberica.at\/en\/wp-json\/wp\/v2\/product_tag?post=844"}],"curies":[{"name":"wp","href":"https:\/\/api.w.org\/{rel}","templated":true}]}}