{"id":842,"date":"2020-10-26T15:41:34","date_gmt":"2020-10-26T15:41:34","guid":{"rendered":"https:\/\/reservaiberica.at\/?post_type=product&#038;p=842"},"modified":"2023-08-17T12:24:50","modified_gmt":"2023-08-17T12:24:50","slug":"el-coto-rioja-blanco","status":"publish","type":"product","link":"https:\/\/reservaiberica.at\/en\/product\/el-coto-rioja-blanco\/","title":{"rendered":"El Coto Rioja Blanco"},"content":{"rendered":"<p>Light and dry white wine. Hints of green apple. A little fruity and pleasant to the taste it is a perfect match for light dishes or to enjoy solo.<br \/>\nType: White wine<br \/>\nVintage: 2019<br \/>\nGrapes: Viura 100%<br \/>\nBottle Size: 75 cl<br \/>\nRegion: Rioja<br \/>\nAlcohol level: 13% Vol.<br \/>\nDrinking temperatur: 8\u00b0-10\u00b0C<\/p>","protected":false},"excerpt":{"rendered":"<p>Leichter trockener Wei\u00dfwein. Nuancen vom gr\u00fcnen Apfel. Leicht fruchtig und s\u00fcffig perfekt als Begleiter zu leichten Speisen oder auch solo. Weintyp:\u00a0Wei\u00dfwein Jahrgang: 2019 Rebsorten: Viura 100% Flaschengr\u00f6sse: 75 cl Region: Rioja Alkoholgehalt: 13% Trinktemperatur: 8\u00b0-10\u00b0C [&#8230;]<\/p>\n<p><a class=\"btn btn-secondary understrap-read-more-link\" href=\"https:\/\/reservaiberica.at\/en\/product\/el-coto-rioja-blanco\/\">Read More&#8230;<span class=\"screen-reader-text\"> from El Coto Rioja Blanco<\/span><\/a><\/p>\n","protected":false},"featured_media":1028,"comment_status":"open","ping_status":"closed","template":"","meta":{"_seopress_robots_primary_cat":"none","_seopress_titles_title":"","_seopress_titles_desc":"","_seopress_robots_index":""},"product_brand":[],"product_cat":[29,34],"product_tag":[],"class_list":{"0":"post-842","1":"product","2":"type-product","3":"status-publish","4":"has-post-thumbnail","6":"product_cat-alleprodukte","7":"product_cat-cavavino","9":"first","10":"outofstock","11":"taxable","12":"shipping-taxable","13":"purchasable","14":"product-type-simple"},"jetpack_sharing_enabled":true,"_links":{"self":[{"href":"https:\/\/reservaiberica.at\/en\/wp-json\/wp\/v2\/product\/842","targetHints":{"allow":["GET"]}}],"collection":[{"href":"https:\/\/reservaiberica.at\/en\/wp-json\/wp\/v2\/product"}],"about":[{"href":"https:\/\/reservaiberica.at\/en\/wp-json\/wp\/v2\/types\/product"}],"replies":[{"embeddable":true,"href":"https:\/\/reservaiberica.at\/en\/wp-json\/wp\/v2\/comments?post=842"}],"wp:featuredmedia":[{"embeddable":true,"href":"https:\/\/reservaiberica.at\/en\/wp-json\/wp\/v2\/media\/1028"}],"wp:attachment":[{"href":"https:\/\/reservaiberica.at\/en\/wp-json\/wp\/v2\/media?parent=842"}],"wp:term":[{"taxonomy":"product_brand","embeddable":true,"href":"https:\/\/reservaiberica.at\/en\/wp-json\/wp\/v2\/product_brand?post=842"},{"taxonomy":"product_cat","embeddable":true,"href":"https:\/\/reservaiberica.at\/en\/wp-json\/wp\/v2\/product_cat?post=842"},{"taxonomy":"product_tag","embeddable":true,"href":"https:\/\/reservaiberica.at\/en\/wp-json\/wp\/v2\/product_tag?post=842"}],"curies":[{"name":"wp","href":"https:\/\/api.w.org\/{rel}","templated":true}]}}