{"id":834,"date":"2020-10-26T15:31:54","date_gmt":"2020-10-26T15:31:54","guid":{"rendered":"https:\/\/reservaiberica.at\/?post_type=product&#038;p=834"},"modified":"2023-08-17T12:24:57","modified_gmt":"2023-08-17T12:24:57","slug":"flor-de-sal-mediterranea","status":"publish","type":"product","link":"https:\/\/reservaiberica.at\/en\/product\/flor-de-sal-mediterranea\/","title":{"rendered":"Flor de Sal Mediterranea"},"content":{"rendered":"<p>Natural salt Flor de Sal from Mallorca is refined with the finest dried herbs from the Mediterranean Sea: rosemary, oregano, thyme, savory and marjoram. This salt, packaged in a beautiful ceramic jar with a cover made of real cork and additional small ceramic spoon, will with no doubt become a real eye-catcher in every kitchen.<br \/>\nNet weight 100g<\/p>","protected":false},"excerpt":{"rendered":"<p>Das naturbelassene Flor de Sal aus Mallorca wird hier mit getrockneten Mittelmeer Kr\u00e4uter aus biologischem Anbau verfeinert. Diese sind Rosmarin, Oregano, Thymian, Bohnenkraut und Majoran. In der wundersch\u00f6nen Keramiksch\u00fcssel mit Echtkorkverschluss und kleinem Keramikl\u00f6ffel ist es auch ein wunderbarer Hingucker in jeder K\u00fcche. Inhalt: 100g [&#8230;]<\/p>\n<p><a class=\"btn btn-secondary understrap-read-more-link\" href=\"https:\/\/reservaiberica.at\/en\/product\/flor-de-sal-mediterranea\/\">Read More&#8230;<span class=\"screen-reader-text\"> from Flor de Sal Mediterranea<\/span><\/a><\/p>\n","protected":false},"featured_media":951,"comment_status":"open","ping_status":"closed","template":"","meta":{"_seopress_robots_primary_cat":"none","_seopress_titles_title":"","_seopress_titles_desc":"","_seopress_robots_index":""},"product_brand":[],"product_cat":[29,27],"product_tag":[],"class_list":{"0":"post-834","1":"product","2":"type-product","3":"status-publish","4":"has-post-thumbnail","6":"product_cat-alleprodukte","7":"product_cat-diverses","9":"first","10":"outofstock","11":"taxable","12":"shipping-taxable","13":"purchasable","14":"product-type-simple"},"jetpack_sharing_enabled":true,"_links":{"self":[{"href":"https:\/\/reservaiberica.at\/en\/wp-json\/wp\/v2\/product\/834","targetHints":{"allow":["GET"]}}],"collection":[{"href":"https:\/\/reservaiberica.at\/en\/wp-json\/wp\/v2\/product"}],"about":[{"href":"https:\/\/reservaiberica.at\/en\/wp-json\/wp\/v2\/types\/product"}],"replies":[{"embeddable":true,"href":"https:\/\/reservaiberica.at\/en\/wp-json\/wp\/v2\/comments?post=834"}],"wp:featuredmedia":[{"embeddable":true,"href":"https:\/\/reservaiberica.at\/en\/wp-json\/wp\/v2\/media\/951"}],"wp:attachment":[{"href":"https:\/\/reservaiberica.at\/en\/wp-json\/wp\/v2\/media?parent=834"}],"wp:term":[{"taxonomy":"product_brand","embeddable":true,"href":"https:\/\/reservaiberica.at\/en\/wp-json\/wp\/v2\/product_brand?post=834"},{"taxonomy":"product_cat","embeddable":true,"href":"https:\/\/reservaiberica.at\/en\/wp-json\/wp\/v2\/product_cat?post=834"},{"taxonomy":"product_tag","embeddable":true,"href":"https:\/\/reservaiberica.at\/en\/wp-json\/wp\/v2\/product_tag?post=834"}],"curies":[{"name":"wp","href":"https:\/\/api.w.org\/{rel}","templated":true}]}}