{"id":832,"date":"2020-10-26T15:31:01","date_gmt":"2020-10-26T15:31:01","guid":{"rendered":"https:\/\/reservaiberica.at\/?post_type=product&#038;p=832"},"modified":"2023-08-17T12:24:58","modified_gmt":"2023-08-17T12:24:58","slug":"flor-de-sal-natural","status":"publish","type":"product","link":"https:\/\/reservaiberica.at\/en\/product\/flor-de-sal-natural\/","title":{"rendered":"Flor de Sal Natural"},"content":{"rendered":"<p>The original salt Flor de Sal d\u2019es Trenc from the beautiful reservation in Mallorca packaged in a gorgeous refillable ceramic jar. Flor de Sal, also known as the Salt Flower, is the caviar in the sea salt world. This salt is hand collected from the top layer of a sea salt-water basin. It is exceptionally high in iodine and trace elements, untreated and free from preservatives.<br \/>\nNet weight 100g<\/p>","protected":false},"excerpt":{"rendered":"<p>Das original Flor de Sal d&#8217;es Trenc aus dem sch\u00f6nsten Naturschutzgebiet Mallorcas im wundersch\u00f6nen wiederbef\u00fcllbaren Keramikgef\u00e4\u00df. Flor de Sal &#8211; auch &#8222;Salzblume&#8220; genannt &#8211; ist auch als der \u201eKaviar\u201c der Meersalze bekannt. Das Salz wird von der Oberfl\u00e4che der kleinen Meersalz-Wasserbecken von Hand geerntet. Es ist extrem reich an Jod und Spurenelementen. Unbehandelt und frei [&#8230;]<\/p>\n<p><a class=\"btn btn-secondary understrap-read-more-link\" href=\"https:\/\/reservaiberica.at\/en\/product\/flor-de-sal-natural\/\">Read More&#8230;<span class=\"screen-reader-text\"> from Flor de Sal Natural<\/span><\/a><\/p>\n","protected":false},"featured_media":950,"comment_status":"open","ping_status":"closed","template":"","meta":{"_seopress_robots_primary_cat":"none","_seopress_titles_title":"","_seopress_titles_desc":"","_seopress_robots_index":""},"product_brand":[],"product_cat":[29,27],"product_tag":[],"class_list":{"0":"post-832","1":"product","2":"type-product","3":"status-publish","4":"has-post-thumbnail","6":"product_cat-alleprodukte","7":"product_cat-diverses","9":"first","10":"outofstock","11":"taxable","12":"shipping-taxable","13":"purchasable","14":"product-type-simple"},"jetpack_sharing_enabled":true,"_links":{"self":[{"href":"https:\/\/reservaiberica.at\/en\/wp-json\/wp\/v2\/product\/832","targetHints":{"allow":["GET"]}}],"collection":[{"href":"https:\/\/reservaiberica.at\/en\/wp-json\/wp\/v2\/product"}],"about":[{"href":"https:\/\/reservaiberica.at\/en\/wp-json\/wp\/v2\/types\/product"}],"replies":[{"embeddable":true,"href":"https:\/\/reservaiberica.at\/en\/wp-json\/wp\/v2\/comments?post=832"}],"wp:featuredmedia":[{"embeddable":true,"href":"https:\/\/reservaiberica.at\/en\/wp-json\/wp\/v2\/media\/950"}],"wp:attachment":[{"href":"https:\/\/reservaiberica.at\/en\/wp-json\/wp\/v2\/media?parent=832"}],"wp:term":[{"taxonomy":"product_brand","embeddable":true,"href":"https:\/\/reservaiberica.at\/en\/wp-json\/wp\/v2\/product_brand?post=832"},{"taxonomy":"product_cat","embeddable":true,"href":"https:\/\/reservaiberica.at\/en\/wp-json\/wp\/v2\/product_cat?post=832"},{"taxonomy":"product_tag","embeddable":true,"href":"https:\/\/reservaiberica.at\/en\/wp-json\/wp\/v2\/product_tag?post=832"}],"curies":[{"name":"wp","href":"https:\/\/api.w.org\/{rel}","templated":true}]}}