{"id":828,"date":"2020-10-26T15:28:33","date_gmt":"2020-10-26T15:28:33","guid":{"rendered":"https:\/\/reservaiberica.at\/?post_type=product&#038;p=828"},"modified":"2023-08-17T12:25:01","modified_gmt":"2023-08-17T12:25:01","slug":"olivenoel-nobleza-del-sur-day","status":"publish","type":"product","link":"https:\/\/reservaiberica.at\/en\/product\/olivenoel-nobleza-del-sur-day\/","title":{"rendered":"Olive oil Nobleza del Sur Day"},"content":{"rendered":"<p>Nobleza del Sur Day Intensively fruity.\nSmell and taste are fresh and green, this olive oil reveals scents of freshly cut grass, artichokes, tomato leaves as well as the smell of raspberries and banana. It is very well balanced, mildly herbal and mildly spicy.<br \/>\nContent: 500 ml<\/p>","protected":false},"excerpt":{"rendered":"<p>Nobleza del Sur Day. Intensiv fruchtig. Aroma &amp; Geschmack:\u00a0Frisch und gr\u00fcn, dieses Oliven\u00f6l weist Aromen von frisch geschnittenem Gras, Artischocke, Tomatengr\u00fcn aber auch Himbeere und Banane auf. Es ist sehr ausgeglichen, mittel herb und mittel scharf. Inhalt: 500ml [&#8230;]<\/p>\n<p><a class=\"btn btn-secondary understrap-read-more-link\" href=\"https:\/\/reservaiberica.at\/en\/product\/olivenoel-nobleza-del-sur-day\/\">Read More&#8230;<span class=\"screen-reader-text\"> from Oliven\u00f6l Nobleza del Sur Day<\/span><\/a><\/p>\n","protected":false},"featured_media":954,"comment_status":"open","ping_status":"closed","template":"","meta":{"_seopress_robots_primary_cat":"none","_seopress_titles_title":"","_seopress_titles_desc":"","_seopress_robots_index":""},"product_brand":[],"product_cat":[29,26],"product_tag":[],"class_list":{"0":"post-828","1":"product","2":"type-product","3":"status-publish","4":"has-post-thumbnail","6":"product_cat-alleprodukte","7":"product_cat-oele","9":"first","10":"outofstock","11":"taxable","12":"shipping-taxable","13":"purchasable","14":"product-type-simple"},"jetpack_sharing_enabled":true,"_links":{"self":[{"href":"https:\/\/reservaiberica.at\/en\/wp-json\/wp\/v2\/product\/828","targetHints":{"allow":["GET"]}}],"collection":[{"href":"https:\/\/reservaiberica.at\/en\/wp-json\/wp\/v2\/product"}],"about":[{"href":"https:\/\/reservaiberica.at\/en\/wp-json\/wp\/v2\/types\/product"}],"replies":[{"embeddable":true,"href":"https:\/\/reservaiberica.at\/en\/wp-json\/wp\/v2\/comments?post=828"}],"wp:featuredmedia":[{"embeddable":true,"href":"https:\/\/reservaiberica.at\/en\/wp-json\/wp\/v2\/media\/954"}],"wp:attachment":[{"href":"https:\/\/reservaiberica.at\/en\/wp-json\/wp\/v2\/media?parent=828"}],"wp:term":[{"taxonomy":"product_brand","embeddable":true,"href":"https:\/\/reservaiberica.at\/en\/wp-json\/wp\/v2\/product_brand?post=828"},{"taxonomy":"product_cat","embeddable":true,"href":"https:\/\/reservaiberica.at\/en\/wp-json\/wp\/v2\/product_cat?post=828"},{"taxonomy":"product_tag","embeddable":true,"href":"https:\/\/reservaiberica.at\/en\/wp-json\/wp\/v2\/product_tag?post=828"}],"curies":[{"name":"wp","href":"https:\/\/api.w.org\/{rel}","templated":true}]}}