{"id":826,"date":"2020-10-26T15:27:33","date_gmt":"2020-10-26T15:27:33","guid":{"rendered":"https:\/\/reservaiberica.at\/?post_type=product&#038;p=826"},"modified":"2023-08-17T12:25:03","modified_gmt":"2023-08-17T12:25:03","slug":"olivenoel-arbequina-bio","status":"publish","type":"product","link":"https:\/\/reservaiberica.at\/en\/product\/olivenoel-arbequina-bio\/","title":{"rendered":"Olive oil Arbequina BIO"},"content":{"rendered":"<p>These are exceptional extra virgin olive oils of biodynamic cultivation and harvesting methods are the true gems of the Castillo de Canena oil mill (Andalusia, Spain).\nMildly fruity\nThis olive oil is fresh and green in combination with aroma of olive leaves, green almonds and artichokes.<br \/>\nContent: 500 ml<\/p>","protected":false},"excerpt":{"rendered":"<p>Canenas Bio Arbequina. Die ausgezeichneten Oliven\u00f6le Nativ Extra, aus biologisch-dynamischen Anbau- und Erntemethoden sind die Juwelen der \u00d6lm\u00fchle Castillo de Canena (Andalusien, Spanien). Mittel-fruchtig. Dieses Oliven\u00f6l ist sehr frisch, gr\u00fcn und mit intensiven Aromen von Olivenbl\u00e4ttern, gr\u00fcnen Mandeln und Artischocken. Inhalt: 500ml [&#8230;]<\/p>\n<p><a class=\"btn btn-secondary understrap-read-more-link\" href=\"https:\/\/reservaiberica.at\/en\/product\/olivenoel-arbequina-bio\/\">Read More&#8230;<span class=\"screen-reader-text\"> from Oliven\u00f6l Arbequina BIO<\/span><\/a><\/p>\n","protected":false},"featured_media":953,"comment_status":"open","ping_status":"closed","template":"","meta":{"_seopress_robots_primary_cat":"none","_seopress_titles_title":"","_seopress_titles_desc":"","_seopress_robots_index":""},"product_brand":[],"product_cat":[29,26],"product_tag":[],"class_list":{"0":"post-826","1":"product","2":"type-product","3":"status-publish","4":"has-post-thumbnail","6":"product_cat-alleprodukte","7":"product_cat-oele","9":"first","10":"outofstock","11":"taxable","12":"shipping-taxable","13":"purchasable","14":"product-type-simple"},"jetpack_sharing_enabled":true,"_links":{"self":[{"href":"https:\/\/reservaiberica.at\/en\/wp-json\/wp\/v2\/product\/826","targetHints":{"allow":["GET"]}}],"collection":[{"href":"https:\/\/reservaiberica.at\/en\/wp-json\/wp\/v2\/product"}],"about":[{"href":"https:\/\/reservaiberica.at\/en\/wp-json\/wp\/v2\/types\/product"}],"replies":[{"embeddable":true,"href":"https:\/\/reservaiberica.at\/en\/wp-json\/wp\/v2\/comments?post=826"}],"wp:featuredmedia":[{"embeddable":true,"href":"https:\/\/reservaiberica.at\/en\/wp-json\/wp\/v2\/media\/953"}],"wp:attachment":[{"href":"https:\/\/reservaiberica.at\/en\/wp-json\/wp\/v2\/media?parent=826"}],"wp:term":[{"taxonomy":"product_brand","embeddable":true,"href":"https:\/\/reservaiberica.at\/en\/wp-json\/wp\/v2\/product_brand?post=826"},{"taxonomy":"product_cat","embeddable":true,"href":"https:\/\/reservaiberica.at\/en\/wp-json\/wp\/v2\/product_cat?post=826"},{"taxonomy":"product_tag","embeddable":true,"href":"https:\/\/reservaiberica.at\/en\/wp-json\/wp\/v2\/product_tag?post=826"}],"curies":[{"name":"wp","href":"https:\/\/api.w.org\/{rel}","templated":true}]}}