{"id":822,"date":"2020-10-26T15:24:35","date_gmt":"2020-10-26T15:24:35","guid":{"rendered":"https:\/\/reservaiberica.at\/?post_type=product&#038;p=822"},"modified":"2023-08-17T12:25:06","modified_gmt":"2023-08-17T12:25:06","slug":"olasagasti-atun-claro-a-oliva-bio","status":"publish","type":"product","link":"https:\/\/reservaiberica.at\/en\/product\/olasagasti-atun-claro-a-oliva-bio\/","title":{"rendered":"Olasagasti At\u00fan Claro a. oliva BIO"},"content":{"rendered":"<p>Fillet of yellowfin tuna in BIO olive oil\nOnly fresh fish meat is used for this product. The fish are precooked, hand cleaned and placed into the cans and infused with the high quality BIO olive oil.<br \/>\nNet weight: 200<br \/>\nDrained weight: 150<\/p>","protected":false},"excerpt":{"rendered":"<p>St\u00fcck vom Gelbflossenthunfisch in BIO Oliven\u00f6l. Es werden ausschlie\u00dflich frische Fische verarbeitet.\u00a0Die Thunfische werden vorgegart, von Hand ges\u00e4ubert, in die Dosen gelegt und mit hochwertigem Bio Oliven\u00f6l aufgegossen. Nettoinhalt: 200 Abtropfgewicht: 150 [&#8230;]<\/p>\n<p><a class=\"btn btn-secondary understrap-read-more-link\" href=\"https:\/\/reservaiberica.at\/en\/product\/olasagasti-atun-claro-a-oliva-bio\/\">Read More&#8230;<span class=\"screen-reader-text\"> from Olasagasti At\u00fan Claro a. oliva BIO<\/span><\/a><\/p>\n","protected":false},"featured_media":910,"comment_status":"open","ping_status":"closed","template":"","meta":{"_seopress_robots_primary_cat":"none","_seopress_titles_title":"","_seopress_titles_desc":"","_seopress_robots_index":""},"product_brand":[],"product_cat":[29,25],"product_tag":[],"class_list":{"0":"post-822","1":"product","2":"type-product","3":"status-publish","4":"has-post-thumbnail","6":"product_cat-alleprodukte","7":"product_cat-conservas","9":"first","10":"outofstock","11":"taxable","12":"shipping-taxable","13":"purchasable","14":"product-type-simple"},"jetpack_sharing_enabled":true,"_links":{"self":[{"href":"https:\/\/reservaiberica.at\/en\/wp-json\/wp\/v2\/product\/822","targetHints":{"allow":["GET"]}}],"collection":[{"href":"https:\/\/reservaiberica.at\/en\/wp-json\/wp\/v2\/product"}],"about":[{"href":"https:\/\/reservaiberica.at\/en\/wp-json\/wp\/v2\/types\/product"}],"replies":[{"embeddable":true,"href":"https:\/\/reservaiberica.at\/en\/wp-json\/wp\/v2\/comments?post=822"}],"wp:featuredmedia":[{"embeddable":true,"href":"https:\/\/reservaiberica.at\/en\/wp-json\/wp\/v2\/media\/910"}],"wp:attachment":[{"href":"https:\/\/reservaiberica.at\/en\/wp-json\/wp\/v2\/media?parent=822"}],"wp:term":[{"taxonomy":"product_brand","embeddable":true,"href":"https:\/\/reservaiberica.at\/en\/wp-json\/wp\/v2\/product_brand?post=822"},{"taxonomy":"product_cat","embeddable":true,"href":"https:\/\/reservaiberica.at\/en\/wp-json\/wp\/v2\/product_cat?post=822"},{"taxonomy":"product_tag","embeddable":true,"href":"https:\/\/reservaiberica.at\/en\/wp-json\/wp\/v2\/product_tag?post=822"}],"curies":[{"name":"wp","href":"https:\/\/api.w.org\/{rel}","templated":true}]}}