{"id":820,"date":"2020-10-26T15:22:52","date_gmt":"2020-10-26T15:22:52","guid":{"rendered":"https:\/\/reservaiberica.at\/?post_type=product&#038;p=820"},"modified":"2023-08-17T12:25:08","modified_gmt":"2023-08-17T12:25:08","slug":"olasagasti-bonito-a-oliva-bio","status":"publish","type":"product","link":"https:\/\/reservaiberica.at\/en\/product\/olasagasti-bonito-a-oliva-bio\/","title":{"rendered":"Olasagasti Bonito a. oliva BIO"},"content":{"rendered":"<p>White tuna in BIO olive oil\nThis type of tuna is hand fished in the gulf of Biscay. Only fresh fish are used to create this product. This tuna is precooked and cleaned by hand, placed into the cans and infused with the best quality Spanish BIO olive oil. White juicy fish meat and exceptional aroma are distinctive features of this hand prepared delicacy.<br \/>\nNet weight: 120<br \/>\nDrained weight: 81<\/p>","protected":false},"excerpt":{"rendered":"<p>Ganzes St\u00fcck vom wei\u00dfen Thunfisch in BIO Oliven\u00f6l. Diese Thunfischart wird im Golf von Biskaya handgeangelt. Es werden ausschlie\u00dflich frische Fische verarbeitet.\u00a0Die Thunfische werden vorgegart, von Hand ges\u00e4ubert, in die Dosen gelegt und mit bestem spanischem BIO Oliven\u00f6l aufgegossen. Wei\u00dfes Fleisch, feines Aroma und saftiger Biss zeichnet diese handwerklich hergestellte Delikatesse aus. Nettoinhalt: 120 Abtropfgewicht: [&#8230;]<\/p>\n<p><a class=\"btn btn-secondary understrap-read-more-link\" href=\"https:\/\/reservaiberica.at\/en\/product\/olasagasti-bonito-a-oliva-bio\/\">Read More&#8230;<span class=\"screen-reader-text\"> from Olasagasti Bonito a. oliva BIO<\/span><\/a><\/p>\n","protected":false},"featured_media":911,"comment_status":"open","ping_status":"closed","template":"","meta":{"_seopress_robots_primary_cat":"none","_seopress_titles_title":"","_seopress_titles_desc":"","_seopress_robots_index":""},"product_brand":[],"product_cat":[29,25],"product_tag":[],"class_list":{"0":"post-820","1":"product","2":"type-product","3":"status-publish","4":"has-post-thumbnail","6":"product_cat-alleprodukte","7":"product_cat-conservas","9":"first","10":"outofstock","11":"taxable","12":"shipping-taxable","13":"purchasable","14":"product-type-simple"},"jetpack_sharing_enabled":true,"_links":{"self":[{"href":"https:\/\/reservaiberica.at\/en\/wp-json\/wp\/v2\/product\/820","targetHints":{"allow":["GET"]}}],"collection":[{"href":"https:\/\/reservaiberica.at\/en\/wp-json\/wp\/v2\/product"}],"about":[{"href":"https:\/\/reservaiberica.at\/en\/wp-json\/wp\/v2\/types\/product"}],"replies":[{"embeddable":true,"href":"https:\/\/reservaiberica.at\/en\/wp-json\/wp\/v2\/comments?post=820"}],"wp:featuredmedia":[{"embeddable":true,"href":"https:\/\/reservaiberica.at\/en\/wp-json\/wp\/v2\/media\/911"}],"wp:attachment":[{"href":"https:\/\/reservaiberica.at\/en\/wp-json\/wp\/v2\/media?parent=820"}],"wp:term":[{"taxonomy":"product_brand","embeddable":true,"href":"https:\/\/reservaiberica.at\/en\/wp-json\/wp\/v2\/product_brand?post=820"},{"taxonomy":"product_cat","embeddable":true,"href":"https:\/\/reservaiberica.at\/en\/wp-json\/wp\/v2\/product_cat?post=820"},{"taxonomy":"product_tag","embeddable":true,"href":"https:\/\/reservaiberica.at\/en\/wp-json\/wp\/v2\/product_tag?post=820"}],"curies":[{"name":"wp","href":"https:\/\/api.w.org\/{rel}","templated":true}]}}