{"id":814,"date":"2020-10-26T15:18:15","date_gmt":"2020-10-26T15:18:15","guid":{"rendered":"https:\/\/reservaiberica.at\/?post_type=product&#038;p=814"},"modified":"2023-08-17T12:25:13","modified_gmt":"2023-08-17T12:25:13","slug":"olasagasti-tronco-atun-cantabrico","status":"publish","type":"product","link":"https:\/\/reservaiberica.at\/en\/product\/olasagasti-tronco-atun-cantabrico\/","title":{"rendered":"Olasagasti Tronco At\u00fan Cantabrico"},"content":{"rendered":"<p>Cantabrian blue fin tuna steaks in olive oil\nThe Cantabrian blue fin tuna is less known than red or white tuna. This tuna is also hand fished in the gulf of Biscay. Spectacular in both warm and cold dishes, this fish has its fresh marine flavor, smooth texture and a shade darker, than Bonito del Notre or light tuna.<br \/>\nNet weight: 270<br \/>\nDrained weight: 205<\/p>","protected":false},"excerpt":{"rendered":"<p>St\u00fcck vom Blauflossentunfisch in Oliven\u00f6l. Der kantabrische Blauflossen Thunfisch ist weniger bekannt als Roter Thun oder wei\u00dfer Thunfisch. Auch dieser Thunfisch wird leinengefangen im Golf von Biskaya. Spektakul\u00e4r in warmen und kalten Gerichten, hat er einen frischen und marinen Geschmack, eine glatte Textur und eine dunklere Farbe als der Bonito del Norte oder der helle [&#8230;]<\/p>\n<p><a class=\"btn btn-secondary understrap-read-more-link\" href=\"https:\/\/reservaiberica.at\/en\/product\/olasagasti-tronco-atun-cantabrico\/\">Read More&#8230;<span class=\"screen-reader-text\"> from Olasagasti Tronco At\u00fan Cantabrico<\/span><\/a><\/p>\n","protected":false},"featured_media":906,"comment_status":"open","ping_status":"closed","template":"","meta":{"_seopress_robots_primary_cat":"none","_seopress_titles_title":"","_seopress_titles_desc":"","_seopress_robots_index":""},"product_brand":[],"product_cat":[29,25],"product_tag":[],"class_list":{"0":"post-814","1":"product","2":"type-product","3":"status-publish","4":"has-post-thumbnail","6":"product_cat-alleprodukte","7":"product_cat-conservas","9":"first","10":"outofstock","11":"taxable","12":"shipping-taxable","13":"purchasable","14":"product-type-simple"},"jetpack_sharing_enabled":true,"_links":{"self":[{"href":"https:\/\/reservaiberica.at\/en\/wp-json\/wp\/v2\/product\/814","targetHints":{"allow":["GET"]}}],"collection":[{"href":"https:\/\/reservaiberica.at\/en\/wp-json\/wp\/v2\/product"}],"about":[{"href":"https:\/\/reservaiberica.at\/en\/wp-json\/wp\/v2\/types\/product"}],"replies":[{"embeddable":true,"href":"https:\/\/reservaiberica.at\/en\/wp-json\/wp\/v2\/comments?post=814"}],"wp:featuredmedia":[{"embeddable":true,"href":"https:\/\/reservaiberica.at\/en\/wp-json\/wp\/v2\/media\/906"}],"wp:attachment":[{"href":"https:\/\/reservaiberica.at\/en\/wp-json\/wp\/v2\/media?parent=814"}],"wp:term":[{"taxonomy":"product_brand","embeddable":true,"href":"https:\/\/reservaiberica.at\/en\/wp-json\/wp\/v2\/product_brand?post=814"},{"taxonomy":"product_cat","embeddable":true,"href":"https:\/\/reservaiberica.at\/en\/wp-json\/wp\/v2\/product_cat?post=814"},{"taxonomy":"product_tag","embeddable":true,"href":"https:\/\/reservaiberica.at\/en\/wp-json\/wp\/v2\/product_tag?post=814"}],"curies":[{"name":"wp","href":"https:\/\/api.w.org\/{rel}","templated":true}]}}