{"id":810,"date":"2020-10-26T15:15:26","date_gmt":"2020-10-26T15:15:26","guid":{"rendered":"https:\/\/reservaiberica.at\/?post_type=product&#038;p=810"},"modified":"2023-08-17T12:25:16","modified_gmt":"2023-08-17T12:25:16","slug":"olasagasti-ventresca-de-bonito","status":"publish","type":"product","link":"https:\/\/reservaiberica.at\/en\/product\/olasagasti-ventresca-de-bonito\/","title":{"rendered":"Olasagasti Ventresca de Bonito"},"content":{"rendered":"<p>White tuna belly. White meat with a high percentage of fat makes the belly meat of a tuna fish the most desired and expensive part of tuna. This tuna comes from the northern coast of the Atlantic Ocean. It is caught and processed freshly. The meat is cooked and preserved in cans infused with the best Spanish olive oil.<br \/>\nNet weight: 120<br \/>\nDrained weight: 85<\/p>","protected":false},"excerpt":{"rendered":"<p>Bauchfleisch vom wei\u00dfen Thunfisch. Wei\u00dfes Fleisch mit hohem Fettanteil machen den Thunfischbauch zum begehrtesten und teuersten St\u00fcck des Thunfisch. Der Thunfisch wird vor der nordspanischen Atlantikk\u00fcste leinengefangen und frisch verarbeitet. Das Fleisch wird gegart, in Dosen gelegt und mit bestem spanischen Oliven\u00f6l aufgegossen. Nettoinhalt: 120 Abtropfgewicht: 85 [&#8230;]<\/p>\n<p><a class=\"btn btn-secondary understrap-read-more-link\" href=\"https:\/\/reservaiberica.at\/en\/product\/olasagasti-ventresca-de-bonito\/\">Read More&#8230;<span class=\"screen-reader-text\"> from Olasagasti Ventresca de Bonito<\/span><\/a><\/p>\n","protected":false},"featured_media":913,"comment_status":"open","ping_status":"closed","template":"","meta":{"_seopress_robots_primary_cat":"none","_seopress_titles_title":"","_seopress_titles_desc":"","_seopress_robots_index":""},"product_brand":[],"product_cat":[29,25],"product_tag":[],"class_list":{"0":"post-810","1":"product","2":"type-product","3":"status-publish","4":"has-post-thumbnail","6":"product_cat-alleprodukte","7":"product_cat-conservas","9":"first","10":"outofstock","11":"taxable","12":"shipping-taxable","13":"purchasable","14":"product-type-simple"},"jetpack_sharing_enabled":true,"_links":{"self":[{"href":"https:\/\/reservaiberica.at\/en\/wp-json\/wp\/v2\/product\/810","targetHints":{"allow":["GET"]}}],"collection":[{"href":"https:\/\/reservaiberica.at\/en\/wp-json\/wp\/v2\/product"}],"about":[{"href":"https:\/\/reservaiberica.at\/en\/wp-json\/wp\/v2\/types\/product"}],"replies":[{"embeddable":true,"href":"https:\/\/reservaiberica.at\/en\/wp-json\/wp\/v2\/comments?post=810"}],"wp:featuredmedia":[{"embeddable":true,"href":"https:\/\/reservaiberica.at\/en\/wp-json\/wp\/v2\/media\/913"}],"wp:attachment":[{"href":"https:\/\/reservaiberica.at\/en\/wp-json\/wp\/v2\/media?parent=810"}],"wp:term":[{"taxonomy":"product_brand","embeddable":true,"href":"https:\/\/reservaiberica.at\/en\/wp-json\/wp\/v2\/product_brand?post=810"},{"taxonomy":"product_cat","embeddable":true,"href":"https:\/\/reservaiberica.at\/en\/wp-json\/wp\/v2\/product_cat?post=810"},{"taxonomy":"product_tag","embeddable":true,"href":"https:\/\/reservaiberica.at\/en\/wp-json\/wp\/v2\/product_tag?post=810"}],"curies":[{"name":"wp","href":"https:\/\/api.w.org\/{rel}","templated":true}]}}