{"id":808,"date":"2020-10-26T15:14:11","date_gmt":"2020-10-26T15:14:11","guid":{"rendered":"https:\/\/reservaiberica.at\/?post_type=product&#038;p=808"},"modified":"2023-08-17T12:25:18","modified_gmt":"2023-08-17T12:25:18","slug":"cl-angulinas","status":"publish","type":"product","link":"https:\/\/reservaiberica.at\/en\/product\/cl-angulinas\/","title":{"rendered":"Casa Levante Anguli\u00f1as"},"content":{"rendered":"<p>Anguli\u00f1as is a substitute product for strictly protected glass eels. They are a high protein source yet low in fat at the same time.\nThe Casa Levante Anguli\u00f1as are cooked and preserved in oil, chili pepper and garlic. In addition to bread or as a base for a good salad, they are a perfect starter.<br \/>\nNet content: 111g<br \/>\nDrained weight: 60<\/p>","protected":false},"excerpt":{"rendered":"<p>Angulinas sind das Ersatzprodukt zu den streng gesch\u00fctzten Glasaalen. Sie sind eine hohe Proteinquelle und fettarm. Die Casa Levante Anguli\u00f1as werden hergestellt, indem die Anguli\u00f1as gekocht und in \u00d6l, Chili und Knoblauch eingelegt werden. Begleitet von Brot oder als Basis f\u00fcr einen guten Salat sind sie eine perfekte Vorspeise. Nettoinhalt: 111 Abtropfgewicht: 60 [&#8230;]<\/p>\n<p><a class=\"btn btn-secondary understrap-read-more-link\" href=\"https:\/\/reservaiberica.at\/en\/product\/cl-angulinas\/\">Read More&#8230;<span class=\"screen-reader-text\"> from Casa Levante Anguli\u00f1as<\/span><\/a><\/p>\n","protected":false},"featured_media":930,"comment_status":"open","ping_status":"closed","template":"","meta":{"_seopress_robots_primary_cat":"none","_seopress_titles_title":"","_seopress_titles_desc":"","_seopress_robots_index":""},"product_brand":[],"product_cat":[29,25],"product_tag":[],"class_list":{"0":"post-808","1":"product","2":"type-product","3":"status-publish","4":"has-post-thumbnail","6":"product_cat-alleprodukte","7":"product_cat-conservas","9":"first","10":"outofstock","11":"taxable","12":"shipping-taxable","13":"purchasable","14":"product-type-simple"},"jetpack_sharing_enabled":true,"_links":{"self":[{"href":"https:\/\/reservaiberica.at\/en\/wp-json\/wp\/v2\/product\/808","targetHints":{"allow":["GET"]}}],"collection":[{"href":"https:\/\/reservaiberica.at\/en\/wp-json\/wp\/v2\/product"}],"about":[{"href":"https:\/\/reservaiberica.at\/en\/wp-json\/wp\/v2\/types\/product"}],"replies":[{"embeddable":true,"href":"https:\/\/reservaiberica.at\/en\/wp-json\/wp\/v2\/comments?post=808"}],"wp:featuredmedia":[{"embeddable":true,"href":"https:\/\/reservaiberica.at\/en\/wp-json\/wp\/v2\/media\/930"}],"wp:attachment":[{"href":"https:\/\/reservaiberica.at\/en\/wp-json\/wp\/v2\/media?parent=808"}],"wp:term":[{"taxonomy":"product_brand","embeddable":true,"href":"https:\/\/reservaiberica.at\/en\/wp-json\/wp\/v2\/product_brand?post=808"},{"taxonomy":"product_cat","embeddable":true,"href":"https:\/\/reservaiberica.at\/en\/wp-json\/wp\/v2\/product_cat?post=808"},{"taxonomy":"product_tag","embeddable":true,"href":"https:\/\/reservaiberica.at\/en\/wp-json\/wp\/v2\/product_tag?post=808"}],"curies":[{"name":"wp","href":"https:\/\/api.w.org\/{rel}","templated":true}]}}