{"id":804,"date":"2020-10-26T15:11:03","date_gmt":"2020-10-26T15:11:03","guid":{"rendered":"https:\/\/reservaiberica.at\/?post_type=product&#038;p=804"},"modified":"2023-08-17T12:25:19","modified_gmt":"2023-08-17T12:25:19","slug":"cl-berberechos","status":"publish","type":"product","link":"https:\/\/reservaiberica.at\/en\/product\/cl-berberechos\/","title":{"rendered":"Casa Levante Berberechos"},"content":{"rendered":"<p>The cockles from Casa Levante are hand picked, cleaned in the sea water and freshly cooked after just a few hours. They are hand calibrated according to size and placed into the cans by hand.\nRight before opening we recommend placing a can into your refrigerator for about a half an hour and then enjoy them straight from the can.\nThey are perfectly combined with good vermouth or sherry.<br \/>\nNet content: 112<br \/>\nDrained weight: 63<\/p>","protected":false},"excerpt":{"rendered":"<p>Die Herzmuschel Casa Levante wird von Hand ausgew\u00e4hlt und nach einigen Stunden in Meerwasser zum Reinigen gekocht, nach Gr\u00f6\u00dfe ausgew\u00e4hlt und von Hand in Dosen abgef\u00fcllt. Stellen Sie die Dose am besten eine halbe Stunde lang in den K\u00fchlschrank, bevor Sie sie \u00f6ffnen, und nehmen Sie sie direkt aus der Dose. Er passt wunderbar zu [&#8230;]<\/p>\n<p><a class=\"btn btn-secondary understrap-read-more-link\" href=\"https:\/\/reservaiberica.at\/en\/product\/cl-berberechos\/\">Read More&#8230;<span class=\"screen-reader-text\"> from Casa Levante Berberechos<\/span><\/a><\/p>\n","protected":false},"featured_media":948,"comment_status":"open","ping_status":"closed","template":"","meta":{"_seopress_robots_primary_cat":"none","_seopress_titles_title":"","_seopress_titles_desc":"","_seopress_robots_index":""},"product_brand":[],"product_cat":[29,25],"product_tag":[],"class_list":{"0":"post-804","1":"product","2":"type-product","3":"status-publish","4":"has-post-thumbnail","6":"product_cat-alleprodukte","7":"product_cat-conservas","9":"first","10":"outofstock","11":"taxable","12":"shipping-taxable","13":"purchasable","14":"product-type-simple"},"jetpack_sharing_enabled":true,"_links":{"self":[{"href":"https:\/\/reservaiberica.at\/en\/wp-json\/wp\/v2\/product\/804","targetHints":{"allow":["GET"]}}],"collection":[{"href":"https:\/\/reservaiberica.at\/en\/wp-json\/wp\/v2\/product"}],"about":[{"href":"https:\/\/reservaiberica.at\/en\/wp-json\/wp\/v2\/types\/product"}],"replies":[{"embeddable":true,"href":"https:\/\/reservaiberica.at\/en\/wp-json\/wp\/v2\/comments?post=804"}],"wp:featuredmedia":[{"embeddable":true,"href":"https:\/\/reservaiberica.at\/en\/wp-json\/wp\/v2\/media\/948"}],"wp:attachment":[{"href":"https:\/\/reservaiberica.at\/en\/wp-json\/wp\/v2\/media?parent=804"}],"wp:term":[{"taxonomy":"product_brand","embeddable":true,"href":"https:\/\/reservaiberica.at\/en\/wp-json\/wp\/v2\/product_brand?post=804"},{"taxonomy":"product_cat","embeddable":true,"href":"https:\/\/reservaiberica.at\/en\/wp-json\/wp\/v2\/product_cat?post=804"},{"taxonomy":"product_tag","embeddable":true,"href":"https:\/\/reservaiberica.at\/en\/wp-json\/wp\/v2\/product_tag?post=804"}],"curies":[{"name":"wp","href":"https:\/\/api.w.org\/{rel}","templated":true}]}}