{"id":802,"date":"2020-10-26T15:05:15","date_gmt":"2020-10-26T15:05:15","guid":{"rendered":"https:\/\/reservaiberica.at\/?post_type=product&#038;p=802"},"modified":"2023-08-17T12:25:40","modified_gmt":"2023-08-17T12:25:40","slug":"cl-sardinas-en-aceite-de-oliva","status":"publish","type":"product","link":"https:\/\/reservaiberica.at\/en\/product\/cl-sardinas-en-aceite-de-oliva\/","title":{"rendered":"Casa Levante Sardinas en aceite de oliva"},"content":{"rendered":"<p>Sardines in olive oil. An outstanding addition to any starter. These sardines are caught during the fall season, They get damped and inserted in olive oil.\nSardines are blue fish, their meat is extremely high in Omega 3 fat, which lowers the levels of so-called bad cholesterol and triglycerides.<br \/>\nNet content: 88g<br \/>\nDrained weight: 62<\/p>","protected":false},"excerpt":{"rendered":"<p>Sardinen in Oliven\u00f6l. Eine gro\u00dfartige Erg\u00e4nzung zu jeder Vorspeise. Im Herbst gefischt, werden sie ged\u00e4mpft und in Oliven\u00f6l eingelegt. Sardinen sind blaue Fische, die reich an Omega3 sind, wodurch der Gehalt an sogenanntem schlechtem Cholesterin und Triglyceriden gesenkt wird. Nettoinhalt: 88 Abtropfgewicht: 62 [&#8230;]<\/p>\n<p><a class=\"btn btn-secondary understrap-read-more-link\" href=\"https:\/\/reservaiberica.at\/en\/product\/cl-sardinas-en-aceite-de-oliva\/\">Read More&#8230;<span class=\"screen-reader-text\"> from Casa Levante Sardinas en aceite de oliva<\/span><\/a><\/p>\n","protected":false},"featured_media":1831,"comment_status":"open","ping_status":"closed","template":"","meta":{"_seopress_robots_primary_cat":"none","_seopress_titles_title":"","_seopress_titles_desc":"","_seopress_robots_index":""},"product_brand":[],"product_cat":[29,25],"product_tag":[],"class_list":{"0":"post-802","1":"product","2":"type-product","3":"status-publish","4":"has-post-thumbnail","6":"product_cat-alleprodukte","7":"product_cat-conservas","9":"first","10":"outofstock","11":"taxable","12":"shipping-taxable","13":"purchasable","14":"product-type-simple"},"jetpack_sharing_enabled":true,"_links":{"self":[{"href":"https:\/\/reservaiberica.at\/en\/wp-json\/wp\/v2\/product\/802","targetHints":{"allow":["GET"]}}],"collection":[{"href":"https:\/\/reservaiberica.at\/en\/wp-json\/wp\/v2\/product"}],"about":[{"href":"https:\/\/reservaiberica.at\/en\/wp-json\/wp\/v2\/types\/product"}],"replies":[{"embeddable":true,"href":"https:\/\/reservaiberica.at\/en\/wp-json\/wp\/v2\/comments?post=802"}],"wp:featuredmedia":[{"embeddable":true,"href":"https:\/\/reservaiberica.at\/en\/wp-json\/wp\/v2\/media\/1831"}],"wp:attachment":[{"href":"https:\/\/reservaiberica.at\/en\/wp-json\/wp\/v2\/media?parent=802"}],"wp:term":[{"taxonomy":"product_brand","embeddable":true,"href":"https:\/\/reservaiberica.at\/en\/wp-json\/wp\/v2\/product_brand?post=802"},{"taxonomy":"product_cat","embeddable":true,"href":"https:\/\/reservaiberica.at\/en\/wp-json\/wp\/v2\/product_cat?post=802"},{"taxonomy":"product_tag","embeddable":true,"href":"https:\/\/reservaiberica.at\/en\/wp-json\/wp\/v2\/product_tag?post=802"}],"curies":[{"name":"wp","href":"https:\/\/api.w.org\/{rel}","templated":true}]}}