{"id":800,"date":"2020-10-26T15:05:41","date_gmt":"2020-10-26T15:05:41","guid":{"rendered":"https:\/\/reservaiberica.at\/?post_type=product&#038;p=800"},"modified":"2023-08-17T12:25:39","modified_gmt":"2023-08-17T12:25:39","slug":"cl-sardinas-picantes","status":"publish","type":"product","link":"https:\/\/reservaiberica.at\/en\/product\/cl-sardinas-picantes\/","title":{"rendered":"Casa Levante Sardinas picantes"},"content":{"rendered":"<p>Sardines semi spicy\nBefore being placed in cans with olive oil, these sardines are steam roasted to obtain its special flavor. Spices compliment the olive oil in order to add a piquant note to it.\nPerfect for a nice sandwich.<br \/>\nNet weight: 120<br \/>\nDrained weight: 88<\/p>","protected":false},"excerpt":{"rendered":"<p>Sardinen etwas scharf. Die Sardinen werden dampfger\u00f6stet, bevor sie mit Oliven\u00f6l \u00fcberzogen werden, um ihren Geschmack zu erhalten. Das Oliven\u00f6l wird mit Gew\u00fcrzen versetzt, um ihm eine w\u00fcrzige Note zu verleihen. Perfekt f\u00fcr ein gutes Sandwich. Nettoinhalt: 120 Abtropfgewicht: 88 [&#8230;]<\/p>\n<p><a class=\"btn btn-secondary understrap-read-more-link\" href=\"https:\/\/reservaiberica.at\/en\/product\/cl-sardinas-picantes\/\">Read More&#8230;<span class=\"screen-reader-text\"> from Casa Levante Sardinas picantes<\/span><\/a><\/p>\n","protected":false},"featured_media":935,"comment_status":"open","ping_status":"closed","template":"","meta":{"_seopress_robots_primary_cat":"none","_seopress_titles_title":"","_seopress_titles_desc":"","_seopress_robots_index":""},"product_brand":[],"product_cat":[29,25],"product_tag":[],"class_list":{"0":"post-800","1":"product","2":"type-product","3":"status-publish","4":"has-post-thumbnail","6":"product_cat-alleprodukte","7":"product_cat-conservas","9":"first","10":"outofstock","11":"taxable","12":"shipping-taxable","13":"purchasable","14":"product-type-simple"},"jetpack_sharing_enabled":true,"_links":{"self":[{"href":"https:\/\/reservaiberica.at\/en\/wp-json\/wp\/v2\/product\/800","targetHints":{"allow":["GET"]}}],"collection":[{"href":"https:\/\/reservaiberica.at\/en\/wp-json\/wp\/v2\/product"}],"about":[{"href":"https:\/\/reservaiberica.at\/en\/wp-json\/wp\/v2\/types\/product"}],"replies":[{"embeddable":true,"href":"https:\/\/reservaiberica.at\/en\/wp-json\/wp\/v2\/comments?post=800"}],"wp:featuredmedia":[{"embeddable":true,"href":"https:\/\/reservaiberica.at\/en\/wp-json\/wp\/v2\/media\/935"}],"wp:attachment":[{"href":"https:\/\/reservaiberica.at\/en\/wp-json\/wp\/v2\/media?parent=800"}],"wp:term":[{"taxonomy":"product_brand","embeddable":true,"href":"https:\/\/reservaiberica.at\/en\/wp-json\/wp\/v2\/product_brand?post=800"},{"taxonomy":"product_cat","embeddable":true,"href":"https:\/\/reservaiberica.at\/en\/wp-json\/wp\/v2\/product_cat?post=800"},{"taxonomy":"product_tag","embeddable":true,"href":"https:\/\/reservaiberica.at\/en\/wp-json\/wp\/v2\/product_tag?post=800"}],"curies":[{"name":"wp","href":"https:\/\/api.w.org\/{rel}","templated":true}]}}