{"id":798,"date":"2020-10-26T15:06:02","date_gmt":"2020-10-26T15:06:02","guid":{"rendered":"https:\/\/reservaiberica.at\/?post_type=product&#038;p=798"},"modified":"2023-08-17T12:25:37","modified_gmt":"2023-08-17T12:25:37","slug":"cl-zamburinas","status":"publish","type":"product","link":"https:\/\/reservaiberica.at\/en\/product\/cl-zamburinas\/","title":{"rendered":"Casa Levante Zamburi\u0144as"},"content":{"rendered":"<p>Scallops\nAt first these scallops are damped, then they are inserted in the scallops sauces and finally transferred into the cans.\nThese highly evaluated mussels have gained the best positions in the culinary competitions all around the world.\nPerfect as a starter accompanied by a glass of nice sherry or vermouth.<br \/>\nNet content: 112<br \/>\nDrained weight: 57<\/p>","protected":false},"excerpt":{"rendered":"<p>Kammmuscheln. Die Jakobsmuscheln werden ged\u00e4mpft, in Jakobsmuschelsauce eingelegt und in Dosen abgef\u00fcllt. Diese gesch\u00e4tzte Muschel erzielt die besten Positionen bei kulinarischen Wettbewerben. Perfekt als Vorspeise, begleitet von einem sch\u00f6nen Glas Sherry oder Vermut. Nettoinhalt: 112 Abtropfgewicht: 57 [&#8230;]<\/p>\n<p><a class=\"btn btn-secondary understrap-read-more-link\" href=\"https:\/\/reservaiberica.at\/en\/product\/cl-zamburinas\/\">Read More&#8230;<span class=\"screen-reader-text\"> from Casa Levante Zamburi\u0144as<\/span><\/a><\/p>\n","protected":false},"featured_media":922,"comment_status":"open","ping_status":"closed","template":"","meta":{"_seopress_robots_primary_cat":"none","_seopress_titles_title":"","_seopress_titles_desc":"","_seopress_robots_index":""},"product_brand":[],"product_cat":[29,25],"product_tag":[],"class_list":{"0":"post-798","1":"product","2":"type-product","3":"status-publish","4":"has-post-thumbnail","6":"product_cat-alleprodukte","7":"product_cat-conservas","9":"first","10":"outofstock","11":"taxable","12":"shipping-taxable","13":"purchasable","14":"product-type-simple"},"jetpack_sharing_enabled":true,"_links":{"self":[{"href":"https:\/\/reservaiberica.at\/en\/wp-json\/wp\/v2\/product\/798","targetHints":{"allow":["GET"]}}],"collection":[{"href":"https:\/\/reservaiberica.at\/en\/wp-json\/wp\/v2\/product"}],"about":[{"href":"https:\/\/reservaiberica.at\/en\/wp-json\/wp\/v2\/types\/product"}],"replies":[{"embeddable":true,"href":"https:\/\/reservaiberica.at\/en\/wp-json\/wp\/v2\/comments?post=798"}],"wp:featuredmedia":[{"embeddable":true,"href":"https:\/\/reservaiberica.at\/en\/wp-json\/wp\/v2\/media\/922"}],"wp:attachment":[{"href":"https:\/\/reservaiberica.at\/en\/wp-json\/wp\/v2\/media?parent=798"}],"wp:term":[{"taxonomy":"product_brand","embeddable":true,"href":"https:\/\/reservaiberica.at\/en\/wp-json\/wp\/v2\/product_brand?post=798"},{"taxonomy":"product_cat","embeddable":true,"href":"https:\/\/reservaiberica.at\/en\/wp-json\/wp\/v2\/product_cat?post=798"},{"taxonomy":"product_tag","embeddable":true,"href":"https:\/\/reservaiberica.at\/en\/wp-json\/wp\/v2\/product_tag?post=798"}],"curies":[{"name":"wp","href":"https:\/\/api.w.org\/{rel}","templated":true}]}}