{"id":796,"date":"2020-10-26T15:06:18","date_gmt":"2020-10-26T15:06:18","guid":{"rendered":"https:\/\/reservaiberica.at\/?post_type=product&#038;p=796"},"modified":"2023-08-17T12:25:36","modified_gmt":"2023-08-17T12:25:36","slug":"cl-mejillones-en-escabeche","status":"publish","type":"product","link":"https:\/\/reservaiberica.at\/en\/product\/cl-mejillones-en-escabeche\/","title":{"rendered":"Casa Levante Mejillones en escabeche"},"content":{"rendered":"<p>Mussels in Escabeche Sauce. These handpicked mussels come living and fresh straight from the Rias Gallegas. Manual production in combination with a great variety of these medium size mussels makes this product a perfect choice as a starter.<br \/>\nNet content: 112<br \/>\nDrained weight: 69<\/p>","protected":false},"excerpt":{"rendered":"<p>Miesmuscheln in Sauce Escabeche. Diese handselektierten Muscheln kommen lebend und frisch aus den R\u00edas Gallegas. Die handwerkliche Produktion zusammen mit der Auswahl einer mittelgro\u00dfen Muschel macht dieses Produkt zu einem klaren Favoriten f\u00fcr den Aperitif. Nettoinhalt: 112 Abtropfgewicht: 69 [&#8230;]<\/p>\n<p><a class=\"btn btn-secondary understrap-read-more-link\" href=\"https:\/\/reservaiberica.at\/en\/product\/cl-mejillones-en-escabeche\/\">Read More&#8230;<span class=\"screen-reader-text\"> from Casa Levante Mejillones en escabeche<\/span><\/a><\/p>\n","protected":false},"featured_media":949,"comment_status":"open","ping_status":"closed","template":"","meta":{"_seopress_robots_primary_cat":"none","_seopress_titles_title":"","_seopress_titles_desc":"","_seopress_robots_index":""},"product_brand":[],"product_cat":[29,25],"product_tag":[],"class_list":{"0":"post-796","1":"product","2":"type-product","3":"status-publish","4":"has-post-thumbnail","6":"product_cat-alleprodukte","7":"product_cat-conservas","9":"first","10":"outofstock","11":"taxable","12":"shipping-taxable","13":"purchasable","14":"product-type-simple"},"jetpack_sharing_enabled":true,"_links":{"self":[{"href":"https:\/\/reservaiberica.at\/en\/wp-json\/wp\/v2\/product\/796","targetHints":{"allow":["GET"]}}],"collection":[{"href":"https:\/\/reservaiberica.at\/en\/wp-json\/wp\/v2\/product"}],"about":[{"href":"https:\/\/reservaiberica.at\/en\/wp-json\/wp\/v2\/types\/product"}],"replies":[{"embeddable":true,"href":"https:\/\/reservaiberica.at\/en\/wp-json\/wp\/v2\/comments?post=796"}],"wp:featuredmedia":[{"embeddable":true,"href":"https:\/\/reservaiberica.at\/en\/wp-json\/wp\/v2\/media\/949"}],"wp:attachment":[{"href":"https:\/\/reservaiberica.at\/en\/wp-json\/wp\/v2\/media?parent=796"}],"wp:term":[{"taxonomy":"product_brand","embeddable":true,"href":"https:\/\/reservaiberica.at\/en\/wp-json\/wp\/v2\/product_brand?post=796"},{"taxonomy":"product_cat","embeddable":true,"href":"https:\/\/reservaiberica.at\/en\/wp-json\/wp\/v2\/product_cat?post=796"},{"taxonomy":"product_tag","embeddable":true,"href":"https:\/\/reservaiberica.at\/en\/wp-json\/wp\/v2\/product_tag?post=796"}],"curies":[{"name":"wp","href":"https:\/\/api.w.org\/{rel}","templated":true}]}}