{"id":781,"date":"2020-10-26T15:08:25","date_gmt":"2020-10-26T15:08:25","guid":{"rendered":"https:\/\/reservaiberica.at\/?post_type=product&#038;p=781"},"modified":"2023-08-17T12:25:25","modified_gmt":"2023-08-17T12:25:25","slug":"chorizo-iberico","status":"publish","type":"product","link":"https:\/\/reservaiberica.at\/en\/product\/chorizo-iberico\/","title":{"rendered":"Chorizo Iberico"},"content":{"rendered":"<p>Paprika sausage made from Iberico pork. Only the free range grass and acorn fed Iberico pork is used to produce this sausage. Seasoned with smoked paprika, Chorizo is truly one of the classics of Spanish sausages.\nHand cut and packaged in Austria.<br \/>\nNet weight 100g<\/p>","protected":false},"excerpt":{"rendered":"<p>Paprikawurst vom Iberico Schwein. In dieser Wurst wird ausschlie\u00dflich das Fleisch vom freilebenden Iberico Schwein verwendet das sich von Gr\u00e4sern und Eicheln ern\u00e4hrt. Gew\u00fcrzt mit Paprika z\u00e4hlt die Chorizo zu einem der Klassiker der spanischen W\u00fcrste. Per Hand geschnitten und verpackt in \u00d6sterreich. Inhalt: 100g [&#8230;]<\/p>\n<p><a class=\"btn btn-secondary understrap-read-more-link\" href=\"https:\/\/reservaiberica.at\/en\/product\/chorizo-iberico\/\">Read More&#8230;<span class=\"screen-reader-text\"> from Chorizo Iberico<\/span><\/a><\/p>\n","protected":false},"featured_media":967,"comment_status":"open","ping_status":"closed","template":"","meta":{"_seopress_robots_primary_cat":"none","_seopress_titles_title":"","_seopress_titles_desc":"","_seopress_robots_index":""},"product_brand":[],"product_cat":[29,21],"product_tag":[],"class_list":{"0":"post-781","1":"product","2":"type-product","3":"status-publish","4":"has-post-thumbnail","6":"product_cat-alleprodukte","7":"product_cat-ibericos","9":"first","10":"outofstock","11":"taxable","12":"shipping-taxable","13":"purchasable","14":"product-type-simple"},"jetpack_sharing_enabled":true,"_links":{"self":[{"href":"https:\/\/reservaiberica.at\/en\/wp-json\/wp\/v2\/product\/781","targetHints":{"allow":["GET"]}}],"collection":[{"href":"https:\/\/reservaiberica.at\/en\/wp-json\/wp\/v2\/product"}],"about":[{"href":"https:\/\/reservaiberica.at\/en\/wp-json\/wp\/v2\/types\/product"}],"replies":[{"embeddable":true,"href":"https:\/\/reservaiberica.at\/en\/wp-json\/wp\/v2\/comments?post=781"}],"wp:featuredmedia":[{"embeddable":true,"href":"https:\/\/reservaiberica.at\/en\/wp-json\/wp\/v2\/media\/967"}],"wp:attachment":[{"href":"https:\/\/reservaiberica.at\/en\/wp-json\/wp\/v2\/media?parent=781"}],"wp:term":[{"taxonomy":"product_brand","embeddable":true,"href":"https:\/\/reservaiberica.at\/en\/wp-json\/wp\/v2\/product_brand?post=781"},{"taxonomy":"product_cat","embeddable":true,"href":"https:\/\/reservaiberica.at\/en\/wp-json\/wp\/v2\/product_cat?post=781"},{"taxonomy":"product_tag","embeddable":true,"href":"https:\/\/reservaiberica.at\/en\/wp-json\/wp\/v2\/product_tag?post=781"}],"curies":[{"name":"wp","href":"https:\/\/api.w.org\/{rel}","templated":true}]}}