{"id":1912,"date":"2022-03-31T10:22:09","date_gmt":"2022-03-31T10:22:09","guid":{"rendered":"https:\/\/reservaiberica.at\/?post_type=product&#038;p=1912"},"modified":"2023-08-17T12:24:29","modified_gmt":"2023-08-17T12:24:29","slug":"dekanter-the-potion","status":"publish","type":"product","link":"https:\/\/reservaiberica.at\/en\/product\/dekanter-the-potion\/","title":{"rendered":"Dekanter &#8222;The Potion&#8220;"},"content":{"rendered":"<p>Weindekanter auf Betonsockel.<\/p>\n<p>Der Betonsockel dient nicht nur der Stabilit\u00e4t und der Optik, k\u00fchl gelagert oder eingefroren h\u00e4lt der Betonsockel den Wein im Dekanter \u00fcber l\u00e4ngere Zeit kalt.<\/p>\n<p>Gr\u00f6\u00dfe des Dekanters: 1000ml (1 Liter)<\/p>\n<p>Dekanter kommt ohne Beschriftung!<\/p>\n<p>&nbsp;<\/p>","protected":false},"excerpt":{"rendered":"<p>Weindekanter auf Betonsockel. Der Betonsockel dient nicht nur der Stabilit\u00e4t und der Optik, k\u00fchl gelagert oder eingefroren h\u00e4lt der Betonsockel den Wein im Dekanter \u00fcber l\u00e4ngere Zeit kalt. Gr\u00f6\u00dfe des Dekanters: 1000ml (1 Liter) Dekanter kommt ohne Beschriftung! &nbsp; [&#8230;]<\/p>\n<p><a class=\"btn btn-secondary understrap-read-more-link\" href=\"https:\/\/reservaiberica.at\/en\/product\/dekanter-the-potion\/\">Read More&#8230;<span class=\"screen-reader-text\"> from Dekanter &#8222;The Potion&#8220;<\/span><\/a><\/p>\n","protected":false},"featured_media":1917,"comment_status":"open","ping_status":"closed","template":"","meta":{"_seopress_robots_primary_cat":"","_seopress_titles_title":"","_seopress_titles_desc":"","_seopress_robots_index":""},"product_brand":[],"product_cat":[29,34,27],"product_tag":[],"class_list":{"0":"post-1912","1":"product","2":"type-product","3":"status-publish","4":"has-post-thumbnail","6":"product_cat-alleprodukte","7":"product_cat-cavavino","8":"product_cat-diverses","10":"first","11":"outofstock","12":"taxable","13":"shipping-taxable","14":"purchasable","15":"product-type-simple"},"jetpack_sharing_enabled":true,"_links":{"self":[{"href":"https:\/\/reservaiberica.at\/en\/wp-json\/wp\/v2\/product\/1912","targetHints":{"allow":["GET"]}}],"collection":[{"href":"https:\/\/reservaiberica.at\/en\/wp-json\/wp\/v2\/product"}],"about":[{"href":"https:\/\/reservaiberica.at\/en\/wp-json\/wp\/v2\/types\/product"}],"replies":[{"embeddable":true,"href":"https:\/\/reservaiberica.at\/en\/wp-json\/wp\/v2\/comments?post=1912"}],"wp:featuredmedia":[{"embeddable":true,"href":"https:\/\/reservaiberica.at\/en\/wp-json\/wp\/v2\/media\/1917"}],"wp:attachment":[{"href":"https:\/\/reservaiberica.at\/en\/wp-json\/wp\/v2\/media?parent=1912"}],"wp:term":[{"taxonomy":"product_brand","embeddable":true,"href":"https:\/\/reservaiberica.at\/en\/wp-json\/wp\/v2\/product_brand?post=1912"},{"taxonomy":"product_cat","embeddable":true,"href":"https:\/\/reservaiberica.at\/en\/wp-json\/wp\/v2\/product_cat?post=1912"},{"taxonomy":"product_tag","embeddable":true,"href":"https:\/\/reservaiberica.at\/en\/wp-json\/wp\/v2\/product_tag?post=1912"}],"curies":[{"name":"wp","href":"https:\/\/api.w.org\/{rel}","templated":true}]}}