{"id":1864,"date":"2021-12-14T16:19:51","date_gmt":"2021-12-14T16:19:51","guid":{"rendered":"https:\/\/reservaiberica.at\/?post_type=product&#038;p=1864"},"modified":"2022-09-06T08:50:52","modified_gmt":"2022-09-06T08:50:52","slug":"picos-sin-gluten","status":"publish","type":"product","link":"https:\/\/reservaiberica.at\/en\/product\/picos-sin-gluten\/","title":{"rendered":"Picos sin Gluten"},"content":{"rendered":"<p>Kleine glutenfreie knusprige Br\u00f6tchen aus Maisst\u00e4rke mit Oliven\u00f6l.<\/p>\n<p>Der perfekte glutenfreie Begleiter f\u00fcr Jamon und Ibericos.<\/p>\n<p>Inhalt netto: 80g<\/p>","protected":false},"excerpt":{"rendered":"<p>Kleine glutenfreie knusprige Br\u00f6tchen aus Maisst\u00e4rke mit Oliven\u00f6l. Der perfekte glutenfreie Begleiter f\u00fcr Jamon und Ibericos. Inhalt netto: 80g [&#8230;]<\/p>\n<p><a class=\"btn btn-secondary understrap-read-more-link\" href=\"https:\/\/reservaiberica.at\/en\/product\/picos-sin-gluten\/\">Read More&#8230;<span class=\"screen-reader-text\"> from Picos sin Gluten<\/span><\/a><\/p>\n","protected":false},"featured_media":1865,"comment_status":"open","ping_status":"closed","template":"","meta":{"_seopress_robots_primary_cat":"none","_seopress_titles_title":"","_seopress_titles_desc":"","_seopress_robots_index":""},"product_brand":[],"product_cat":[27,16],"product_tag":[],"class_list":{"0":"post-1864","1":"product","2":"type-product","3":"status-publish","4":"has-post-thumbnail","6":"product_cat-diverses","7":"product_cat-jamoniberico","9":"first","10":"outofstock","11":"taxable","12":"shipping-taxable","13":"purchasable","14":"product-type-simple"},"jetpack_sharing_enabled":true,"_links":{"self":[{"href":"https:\/\/reservaiberica.at\/en\/wp-json\/wp\/v2\/product\/1864","targetHints":{"allow":["GET"]}}],"collection":[{"href":"https:\/\/reservaiberica.at\/en\/wp-json\/wp\/v2\/product"}],"about":[{"href":"https:\/\/reservaiberica.at\/en\/wp-json\/wp\/v2\/types\/product"}],"replies":[{"embeddable":true,"href":"https:\/\/reservaiberica.at\/en\/wp-json\/wp\/v2\/comments?post=1864"}],"wp:featuredmedia":[{"embeddable":true,"href":"https:\/\/reservaiberica.at\/en\/wp-json\/wp\/v2\/media\/1865"}],"wp:attachment":[{"href":"https:\/\/reservaiberica.at\/en\/wp-json\/wp\/v2\/media?parent=1864"}],"wp:term":[{"taxonomy":"product_brand","embeddable":true,"href":"https:\/\/reservaiberica.at\/en\/wp-json\/wp\/v2\/product_brand?post=1864"},{"taxonomy":"product_cat","embeddable":true,"href":"https:\/\/reservaiberica.at\/en\/wp-json\/wp\/v2\/product_cat?post=1864"},{"taxonomy":"product_tag","embeddable":true,"href":"https:\/\/reservaiberica.at\/en\/wp-json\/wp\/v2\/product_tag?post=1864"}],"curies":[{"name":"wp","href":"https:\/\/api.w.org\/{rel}","templated":true}]}}