{"id":1836,"date":"2021-11-26T09:53:08","date_gmt":"2021-11-26T09:53:08","guid":{"rendered":"https:\/\/reservaiberica.at\/?post_type=product&#038;p=1836"},"modified":"2023-08-17T12:24:31","modified_gmt":"2023-08-17T12:24:31","slug":"geschenkbox-individuell","status":"publish","type":"product","link":"https:\/\/reservaiberica.at\/en\/product\/geschenkbox-individuell\/","title":{"rendered":"Geschenkbox &#8222;Individuell&#8220;"},"content":{"rendered":"<p>Derzeit sind die Geschenkboxen online leider nicht verf\u00fcgbar.<\/p>\n<p>Gerne k\u00f6nnen wir Ihnen eine Geschenkbox zur Abholung in der Wallnerstra\u00dfe 5 in 1010 vorbereiten, bitte senden Sie dazu eine E-mail mit Ihrer Anfrage an info@reservaiberica.at<\/p>","protected":false},"excerpt":{"rendered":"<p>Derzeit sind die Geschenkboxen online leider nicht verf\u00fcgbar. Gerne k\u00f6nnen wir Ihnen eine Geschenkbox zur Abholung in der Wallnerstra\u00dfe 5 in 1010 vorbereiten, bitte senden Sie dazu eine E-mail mit Ihrer Anfrage an info@reservaiberica.at [&#8230;]<\/p>\n<p><a class=\"btn btn-secondary understrap-read-more-link\" href=\"https:\/\/reservaiberica.at\/en\/product\/geschenkbox-individuell\/\">Read More&#8230;<span class=\"screen-reader-text\"> from Geschenkbox &#8222;Individuell&#8220;<\/span><\/a><\/p>\n","protected":false},"featured_media":1817,"comment_status":"open","ping_status":"closed","template":"","meta":{"_seopress_robots_primary_cat":"none","_seopress_titles_title":"","_seopress_titles_desc":"","_seopress_robots_index":""},"product_brand":[],"product_cat":[29,27,51],"product_tag":[],"class_list":{"0":"post-1836","1":"product","2":"type-product","3":"status-publish","4":"has-post-thumbnail","6":"product_cat-alleprodukte","7":"product_cat-diverses","8":"product_cat-geschenkboxen","10":"first","11":"outofstock","12":"taxable","13":"shipping-taxable","14":"purchasable","15":"product-type-simple"},"jetpack_sharing_enabled":true,"_links":{"self":[{"href":"https:\/\/reservaiberica.at\/en\/wp-json\/wp\/v2\/product\/1836","targetHints":{"allow":["GET"]}}],"collection":[{"href":"https:\/\/reservaiberica.at\/en\/wp-json\/wp\/v2\/product"}],"about":[{"href":"https:\/\/reservaiberica.at\/en\/wp-json\/wp\/v2\/types\/product"}],"replies":[{"embeddable":true,"href":"https:\/\/reservaiberica.at\/en\/wp-json\/wp\/v2\/comments?post=1836"}],"wp:featuredmedia":[{"embeddable":true,"href":"https:\/\/reservaiberica.at\/en\/wp-json\/wp\/v2\/media\/1817"}],"wp:attachment":[{"href":"https:\/\/reservaiberica.at\/en\/wp-json\/wp\/v2\/media?parent=1836"}],"wp:term":[{"taxonomy":"product_brand","embeddable":true,"href":"https:\/\/reservaiberica.at\/en\/wp-json\/wp\/v2\/product_brand?post=1836"},{"taxonomy":"product_cat","embeddable":true,"href":"https:\/\/reservaiberica.at\/en\/wp-json\/wp\/v2\/product_cat?post=1836"},{"taxonomy":"product_tag","embeddable":true,"href":"https:\/\/reservaiberica.at\/en\/wp-json\/wp\/v2\/product_tag?post=1836"}],"curies":[{"name":"wp","href":"https:\/\/api.w.org\/{rel}","templated":true}]}}