{"id":1832,"date":"2021-11-24T12:06:54","date_gmt":"2021-11-24T12:06:54","guid":{"rendered":"https:\/\/reservaiberica.at\/?post_type=product&#038;p=1832"},"modified":"2023-08-17T12:24:33","modified_gmt":"2023-08-17T12:24:33","slug":"olasagasti-atun-claro-en-aceite-de-oliva","status":"publish","type":"product","link":"https:\/\/reservaiberica.at\/en\/product\/olasagasti-atun-claro-en-aceite-de-oliva\/","title":{"rendered":"Olasagasti Atun Claro en Aceite de Oliva"},"content":{"rendered":"<p>Steaks vom Yellowfin Tuna in Oliven\u00f6l. Diese Thunfischart wird im Golf von Biskaya handgeangelt. Es werden ausschlie\u00dflich frische Fische verarbeitet.\u00a0Die Thunfische werden vorgegart, von Hand ges\u00e4ubert, in die Dosen gelegt und mit bestem spanischem Oliven\u00f6l aufgegossen. Wei\u00dfes Fleisch, feines Aroma und saftiger Biss zeichnet diese handwerklich hergestellte Delikatesse aus.<br \/>\nNet weight: 120<br \/>\nDrained weight: 81<\/p>","protected":false},"excerpt":{"rendered":"<p>Steaks vom Yellowfin Tuna in Oliven\u00f6l. Diese Thunfischart wird im Golf von Biskaya handgeangelt. Es werden ausschlie\u00dflich frische Fische verarbeitet.\u00a0Die Thunfische werden vorgegart, von Hand ges\u00e4ubert, in die Dosen gelegt und mit bestem spanischem Oliven\u00f6l aufgegossen. Wei\u00dfes Fleisch, feines Aroma und saftiger Biss zeichnet diese handwerklich hergestellte Delikatesse aus. Nettoinhalt: 120 Abtropfgewicht: 81 [&#8230;]<\/p>\n<p><a class=\"btn btn-secondary understrap-read-more-link\" href=\"https:\/\/reservaiberica.at\/en\/product\/olasagasti-atun-claro-en-aceite-de-oliva\/\">Read More&#8230;<span class=\"screen-reader-text\"> from Olasagasti Atun Claro en Aceite de Oliva<\/span><\/a><\/p>\n","protected":false},"featured_media":1833,"comment_status":"open","ping_status":"closed","template":"","meta":{"_seopress_robots_primary_cat":"none","_seopress_titles_title":"","_seopress_titles_desc":"","_seopress_robots_index":""},"product_brand":[],"product_cat":[29,25],"product_tag":[],"class_list":{"0":"post-1832","1":"product","2":"type-product","3":"status-publish","4":"has-post-thumbnail","6":"product_cat-alleprodukte","7":"product_cat-conservas","9":"first","10":"outofstock","11":"taxable","12":"shipping-taxable","13":"purchasable","14":"product-type-simple"},"jetpack_sharing_enabled":true,"_links":{"self":[{"href":"https:\/\/reservaiberica.at\/en\/wp-json\/wp\/v2\/product\/1832","targetHints":{"allow":["GET"]}}],"collection":[{"href":"https:\/\/reservaiberica.at\/en\/wp-json\/wp\/v2\/product"}],"about":[{"href":"https:\/\/reservaiberica.at\/en\/wp-json\/wp\/v2\/types\/product"}],"replies":[{"embeddable":true,"href":"https:\/\/reservaiberica.at\/en\/wp-json\/wp\/v2\/comments?post=1832"}],"wp:featuredmedia":[{"embeddable":true,"href":"https:\/\/reservaiberica.at\/en\/wp-json\/wp\/v2\/media\/1833"}],"wp:attachment":[{"href":"https:\/\/reservaiberica.at\/en\/wp-json\/wp\/v2\/media?parent=1832"}],"wp:term":[{"taxonomy":"product_brand","embeddable":true,"href":"https:\/\/reservaiberica.at\/en\/wp-json\/wp\/v2\/product_brand?post=1832"},{"taxonomy":"product_cat","embeddable":true,"href":"https:\/\/reservaiberica.at\/en\/wp-json\/wp\/v2\/product_cat?post=1832"},{"taxonomy":"product_tag","embeddable":true,"href":"https:\/\/reservaiberica.at\/en\/wp-json\/wp\/v2\/product_tag?post=1832"}],"curies":[{"name":"wp","href":"https:\/\/api.w.org\/{rel}","templated":true}]}}