{"id":1657,"date":"2021-04-27T11:21:42","date_gmt":"2021-04-27T11:21:42","guid":{"rendered":"https:\/\/reservaiberica.at\/?post_type=product&#038;p=1657"},"modified":"2023-08-17T12:24:37","modified_gmt":"2023-08-17T12:24:37","slug":"juve-camps-brut-reserva-de-la-familia-2016","status":"publish","type":"product","link":"https:\/\/reservaiberica.at\/en\/product\/juve-camps-brut-reserva-de-la-familia-2016\/","title":{"rendered":"Juv\u00e9 &amp; Camps Reserva de la Familia"},"content":{"rendered":"<p class=\"name\">Cava Gran Reserva Brut Nature Reserva de la Familia 2016<\/p>\n<p>Ausgewogner fruchtig spritziger Cava mit feiner Perlage aus dem Pened\u00e8s der bedeutendsten Cava Region Spaniens.<\/p>\n<p>Im klassischen Verfahren ohne Zuckerzugabe hergestellt ist der Cava nat\u00fcrlich trocken.<\/p>\n<p>\u00c4u\u00dferst fein auf der Zunge und elegant im Abgang.<\/p>\n<p>Type: Cava<br \/>\nRebsorten: Chardonnay, Macabeo, Parellada, Xarello<br \/>\nBottle Size: 75 cl<br \/>\nRegion: Pened\u00e8s<br \/>\nAlkoholgehalt: 12,0% Vol.<br \/>\nDrinking temperatur: 8\u00b0-10\u00b0C<\/p>","protected":false},"excerpt":{"rendered":"<p>Cava Gran Reserva Brut Nature Reserva de la Familia 2016 Ausgewogner fruchtig spritziger Cava mit feiner Perlage aus dem Pened\u00e8s der bedeutendsten Cava Region Spaniens. Im klassischen Verfahren ohne Zuckerzugabe hergestellt ist der Cava nat\u00fcrlich trocken. \u00c4u\u00dferst fein auf der Zunge und elegant im Abgang. Weintyp:\u00a0Cava Rebsorten: Chardonnay, Macabeo, Parellada, Xarello Flaschengr\u00f6sse: 75 cl Region: [&#8230;]<\/p>\n<p><a class=\"btn btn-secondary understrap-read-more-link\" href=\"https:\/\/reservaiberica.at\/en\/product\/juve-camps-brut-reserva-de-la-familia-2016\/\">Read More&#8230;<span class=\"screen-reader-text\"> from Juv\u00e9 &amp; Camps Reserva de la Familia<\/span><\/a><\/p>\n","protected":false},"featured_media":1435,"comment_status":"open","ping_status":"closed","template":"","meta":{"_seopress_robots_primary_cat":"none","_seopress_titles_title":"","_seopress_titles_desc":"","_seopress_robots_index":""},"product_brand":[],"product_cat":[29,34],"product_tag":[],"class_list":{"0":"post-1657","1":"product","2":"type-product","3":"status-publish","4":"has-post-thumbnail","6":"product_cat-alleprodukte","7":"product_cat-cavavino","9":"first","10":"outofstock","11":"taxable","12":"shipping-taxable","13":"purchasable","14":"product-type-simple"},"jetpack_sharing_enabled":true,"_links":{"self":[{"href":"https:\/\/reservaiberica.at\/en\/wp-json\/wp\/v2\/product\/1657","targetHints":{"allow":["GET"]}}],"collection":[{"href":"https:\/\/reservaiberica.at\/en\/wp-json\/wp\/v2\/product"}],"about":[{"href":"https:\/\/reservaiberica.at\/en\/wp-json\/wp\/v2\/types\/product"}],"replies":[{"embeddable":true,"href":"https:\/\/reservaiberica.at\/en\/wp-json\/wp\/v2\/comments?post=1657"}],"wp:featuredmedia":[{"embeddable":true,"href":"https:\/\/reservaiberica.at\/en\/wp-json\/wp\/v2\/media\/1435"}],"wp:attachment":[{"href":"https:\/\/reservaiberica.at\/en\/wp-json\/wp\/v2\/media?parent=1657"}],"wp:term":[{"taxonomy":"product_brand","embeddable":true,"href":"https:\/\/reservaiberica.at\/en\/wp-json\/wp\/v2\/product_brand?post=1657"},{"taxonomy":"product_cat","embeddable":true,"href":"https:\/\/reservaiberica.at\/en\/wp-json\/wp\/v2\/product_cat?post=1657"},{"taxonomy":"product_tag","embeddable":true,"href":"https:\/\/reservaiberica.at\/en\/wp-json\/wp\/v2\/product_tag?post=1657"}],"curies":[{"name":"wp","href":"https:\/\/api.w.org\/{rel}","templated":true}]}}