{"id":1512,"date":"2020-12-16T16:12:14","date_gmt":"2020-12-16T16:12:14","guid":{"rendered":"https:\/\/reservaiberica.at\/?post_type=product&#038;p=1512"},"modified":"2023-08-17T12:24:39","modified_gmt":"2023-08-17T12:24:39","slug":"boquerones-en-vinagre","status":"publish","type":"product","link":"https:\/\/reservaiberica.at\/en\/product\/boquerones-en-vinagre\/","title":{"rendered":"Boquerones en Vinagre"},"content":{"rendered":"<p>White anchovies from the Cantabrian Sea. The fillets are marinated in white wine vinegar for 8-12 hours then filleted and marinated in sunflower oil.<\/p>\n<p>The boquerones should not be missing at any tapas session, whether on bread as Pintxo or simply as an appetizer marinated with Ajillo dressing (olive oil, garlic, parsley).<\/p>\n<p>Net weight 100g<\/p>\n<p>&nbsp;<\/p>","protected":false},"excerpt":{"rendered":"<p>Wei\u00dfe Sardellen aus der kantabrischen See. Die Filets werden 8-12 Stunden in Wei\u00dfweinessig mariniert dann filetiert und in Sonnenblumen\u00f6l eingelegt. Die Boquerones d\u00fcrfen bei keiner Tapas Session fehlen, ob auf Brot als Pintxo oder einfach nur als Vorspeise mariniert mit Ajillo Dressing (Oliven\u00f6l, Knoblauch, Petersilie) Inhalt: 100g &nbsp; [&#8230;]<\/p>\n<p><a class=\"btn btn-secondary understrap-read-more-link\" href=\"https:\/\/reservaiberica.at\/en\/product\/boquerones-en-vinagre\/\">Read More&#8230;<span class=\"screen-reader-text\"> from Boquerones en Vinagre<\/span><\/a><\/p>\n","protected":false},"featured_media":1514,"comment_status":"open","ping_status":"closed","template":"","meta":{"_seopress_robots_primary_cat":"none","_seopress_titles_title":"","_seopress_titles_desc":"","_seopress_robots_index":""},"product_brand":[],"product_cat":[29,25],"product_tag":[],"class_list":{"0":"post-1512","1":"product","2":"type-product","3":"status-publish","4":"has-post-thumbnail","6":"product_cat-alleprodukte","7":"product_cat-conservas","9":"first","10":"outofstock","11":"taxable","12":"shipping-taxable","13":"purchasable","14":"product-type-simple"},"jetpack_sharing_enabled":true,"_links":{"self":[{"href":"https:\/\/reservaiberica.at\/en\/wp-json\/wp\/v2\/product\/1512","targetHints":{"allow":["GET"]}}],"collection":[{"href":"https:\/\/reservaiberica.at\/en\/wp-json\/wp\/v2\/product"}],"about":[{"href":"https:\/\/reservaiberica.at\/en\/wp-json\/wp\/v2\/types\/product"}],"replies":[{"embeddable":true,"href":"https:\/\/reservaiberica.at\/en\/wp-json\/wp\/v2\/comments?post=1512"}],"wp:featuredmedia":[{"embeddable":true,"href":"https:\/\/reservaiberica.at\/en\/wp-json\/wp\/v2\/media\/1514"}],"wp:attachment":[{"href":"https:\/\/reservaiberica.at\/en\/wp-json\/wp\/v2\/media?parent=1512"}],"wp:term":[{"taxonomy":"product_brand","embeddable":true,"href":"https:\/\/reservaiberica.at\/en\/wp-json\/wp\/v2\/product_brand?post=1512"},{"taxonomy":"product_cat","embeddable":true,"href":"https:\/\/reservaiberica.at\/en\/wp-json\/wp\/v2\/product_cat?post=1512"},{"taxonomy":"product_tag","embeddable":true,"href":"https:\/\/reservaiberica.at\/en\/wp-json\/wp\/v2\/product_tag?post=1512"}],"curies":[{"name":"wp","href":"https:\/\/api.w.org\/{rel}","templated":true}]}}