{"id":1428,"date":"2020-11-26T15:35:09","date_gmt":"2020-11-26T15:35:09","guid":{"rendered":"https:\/\/reservaiberica.at\/?post_type=product&#038;p=1428"},"modified":"2023-08-17T12:24:41","modified_gmt":"2023-08-17T12:24:41","slug":"castro-martin-albarino-a2o","status":"publish","type":"product","link":"https:\/\/reservaiberica.at\/en\/product\/castro-martin-albarino-a2o\/","title":{"rendered":"Castro Martin Albari\u00f1o A2O"},"content":{"rendered":"<p>Der Albari\u00f1o aus der Kellerei Bodegas Castro Mart\u00edn ist ein ausgezeichneter Wei\u00dfwein aus der Region Rias Baixas in Galizien.<\/p>\n<p>Fruchtig mit ausgeglichener S\u00e4ure ist dieser Wein ein ausgezeichneter Begleiter zu leichten Tapas, Fisch und Krustentieren.<\/p>\n<p>Type: White wine<br \/>\nVintage: 2019<br \/>\nRebsorten: Albari\u00f1o 100%<br \/>\nBottle Size: 75 cl<br \/>\nRegion: Rias Baixas<br \/>\nAlcohol level: 13% Vol.<br \/>\nDrinking temperatur: 8\u00b0-10\u00b0C<\/p>","protected":false},"excerpt":{"rendered":"<p>Der Albari\u00f1o aus der Kellerei Bodegas Castro Mart\u00edn ist ein ausgezeichneter Wei\u00dfwein aus der Region Rias Baixas in Galizien. Fruchtig mit ausgeglichener S\u00e4ure ist dieser Wein ein ausgezeichneter Begleiter zu leichten Tapas, Fisch und Krustentieren. Weintyp:\u00a0Wei\u00dfwein Jahrgang: 2019 Rebsorten: Albari\u00f1o 100% Flaschengr\u00f6sse: 75 cl Region: Rias Baixas Alkoholgehalt: 12,5% Trinktemperatur: 8\u00b0-10\u00b0C [&#8230;]<\/p>\n<p><a class=\"btn btn-secondary understrap-read-more-link\" href=\"https:\/\/reservaiberica.at\/en\/product\/castro-martin-albarino-a2o\/\">Read More&#8230;<span class=\"screen-reader-text\"> from Castro Martin Albari\u00f1o A2O<\/span><\/a><\/p>\n","protected":false},"featured_media":1437,"comment_status":"open","ping_status":"closed","template":"","meta":{"_seopress_robots_primary_cat":"none","_seopress_titles_title":"","_seopress_titles_desc":"","_seopress_robots_index":""},"product_brand":[],"product_cat":[29,34],"product_tag":[],"class_list":{"0":"post-1428","1":"product","2":"type-product","3":"status-publish","4":"has-post-thumbnail","6":"product_cat-alleprodukte","7":"product_cat-cavavino","9":"first","10":"outofstock","11":"taxable","12":"shipping-taxable","13":"purchasable","14":"product-type-simple"},"jetpack_sharing_enabled":true,"_links":{"self":[{"href":"https:\/\/reservaiberica.at\/en\/wp-json\/wp\/v2\/product\/1428","targetHints":{"allow":["GET"]}}],"collection":[{"href":"https:\/\/reservaiberica.at\/en\/wp-json\/wp\/v2\/product"}],"about":[{"href":"https:\/\/reservaiberica.at\/en\/wp-json\/wp\/v2\/types\/product"}],"replies":[{"embeddable":true,"href":"https:\/\/reservaiberica.at\/en\/wp-json\/wp\/v2\/comments?post=1428"}],"wp:featuredmedia":[{"embeddable":true,"href":"https:\/\/reservaiberica.at\/en\/wp-json\/wp\/v2\/media\/1437"}],"wp:attachment":[{"href":"https:\/\/reservaiberica.at\/en\/wp-json\/wp\/v2\/media?parent=1428"}],"wp:term":[{"taxonomy":"product_brand","embeddable":true,"href":"https:\/\/reservaiberica.at\/en\/wp-json\/wp\/v2\/product_brand?post=1428"},{"taxonomy":"product_cat","embeddable":true,"href":"https:\/\/reservaiberica.at\/en\/wp-json\/wp\/v2\/product_cat?post=1428"},{"taxonomy":"product_tag","embeddable":true,"href":"https:\/\/reservaiberica.at\/en\/wp-json\/wp\/v2\/product_tag?post=1428"}],"curies":[{"name":"wp","href":"https:\/\/api.w.org\/{rel}","templated":true}]}}