{"id":1426,"date":"2020-11-26T15:33:08","date_gmt":"2020-11-26T15:33:08","guid":{"rendered":"https:\/\/reservaiberica.at\/?post_type=product&#038;p=1426"},"modified":"2023-08-17T12:24:42","modified_gmt":"2023-08-17T12:24:42","slug":"muga-rioja-reserva","status":"publish","type":"product","link":"https:\/\/reservaiberica.at\/en\/product\/muga-rioja-reserva\/","title":{"rendered":"Muga Rioja Reserva"},"content":{"rendered":"<p>The Muga Rioja Reserva is known to be one of the great classics from the Rioja region.<\/p>\n<p>The Rioja matures for 24 months in French and American oak barrels. Before being released on the market, the cuv\u00e9e remains in bottle for at least twelve months.<\/p>\n<p>The powerful Muga Rioja Reserva 2016 presents a dark cherry red color with garnet fringe. On the palate, the wine offers a full-bodied feel with powerful expression. Fine balance of tannins result in a spicy finish and make the wine an exciting overall experience.<\/p>\n<p>Type: Red wine<br \/>\nVintage: 2016<br \/>\nGrapes: Tempranillo 70%, Garnache 20%, 10% Mazuelo &amp; Graciano<br \/>\nBottle Size: 75 cl<br \/>\nRegion: Rioja<br \/>\nAlcohol level: 14% Vol.<\/p>\n<p>Drinking temperatur: 14\u00b0-18\u00b0C<\/p>","protected":false},"excerpt":{"rendered":"<p>Der Muga Rioja Reserva z\u00e4hlt bekannterma\u00dfen zu den ganz gro\u00dfen Klassikern aus der Region Rioja. Der Rioja reift 24 Monate in Barriquef\u00e4ssern aus franz\u00f6sischer und amerikanischer Eiche. Bevor die Cuv\u00e9e auf den Markt kommt, verbleibt sie mindestens zw\u00f6lf Monate in der Flasche. Der kr\u00e4ftige Muga Rioja Reserva 2016 pr\u00e4sentiert sich in dunklem Kirschrot mit granatfarbenem [&#8230;]<\/p>\n<p><a class=\"btn btn-secondary understrap-read-more-link\" href=\"https:\/\/reservaiberica.at\/en\/product\/muga-rioja-reserva\/\">Read More&#8230;<span class=\"screen-reader-text\"> from Muga Rioja Reserva<\/span><\/a><\/p>\n","protected":false},"featured_media":1436,"comment_status":"open","ping_status":"closed","template":"","meta":{"_seopress_robots_primary_cat":"none","_seopress_titles_title":"","_seopress_titles_desc":"","_seopress_robots_index":""},"product_brand":[],"product_cat":[29,34],"product_tag":[],"class_list":{"0":"post-1426","1":"product","2":"type-product","3":"status-publish","4":"has-post-thumbnail","6":"product_cat-alleprodukte","7":"product_cat-cavavino","9":"first","10":"outofstock","11":"taxable","12":"shipping-taxable","13":"purchasable","14":"product-type-simple"},"jetpack_sharing_enabled":true,"_links":{"self":[{"href":"https:\/\/reservaiberica.at\/en\/wp-json\/wp\/v2\/product\/1426","targetHints":{"allow":["GET"]}}],"collection":[{"href":"https:\/\/reservaiberica.at\/en\/wp-json\/wp\/v2\/product"}],"about":[{"href":"https:\/\/reservaiberica.at\/en\/wp-json\/wp\/v2\/types\/product"}],"replies":[{"embeddable":true,"href":"https:\/\/reservaiberica.at\/en\/wp-json\/wp\/v2\/comments?post=1426"}],"wp:featuredmedia":[{"embeddable":true,"href":"https:\/\/reservaiberica.at\/en\/wp-json\/wp\/v2\/media\/1436"}],"wp:attachment":[{"href":"https:\/\/reservaiberica.at\/en\/wp-json\/wp\/v2\/media?parent=1426"}],"wp:term":[{"taxonomy":"product_brand","embeddable":true,"href":"https:\/\/reservaiberica.at\/en\/wp-json\/wp\/v2\/product_brand?post=1426"},{"taxonomy":"product_cat","embeddable":true,"href":"https:\/\/reservaiberica.at\/en\/wp-json\/wp\/v2\/product_cat?post=1426"},{"taxonomy":"product_tag","embeddable":true,"href":"https:\/\/reservaiberica.at\/en\/wp-json\/wp\/v2\/product_tag?post=1426"}],"curies":[{"name":"wp","href":"https:\/\/api.w.org\/{rel}","templated":true}]}}