{"id":1391,"date":"2020-11-29T08:45:02","date_gmt":"2020-11-29T08:45:02","guid":{"rendered":"https:\/\/reservaiberica.at\/?post_type=product&#038;p=1391"},"modified":"2023-08-17T12:24:39","modified_gmt":"2023-08-17T12:24:39","slug":"degustacion-de-ibericos","status":"publish","type":"product","link":"https:\/\/reservaiberica.at\/en\/product\/degustacion-de-ibericos\/","title":{"rendered":"Degustaci\u00f3n de iberic\u00f3s"},"content":{"rendered":"<p>Degustaci\u00f3n of the best products of the Iberico pig. Also in all these products is used exclusively the meat of the free-range Iberico pig that feeds on grasses and acorns.<\/p>\n<p>Chorizo: Seasoned with paprika, the chorizo is one of the classics of Spanish sausages.<\/p>\n<p>Salchichon: Seasoned with pepper and air-dried, this salami develops an incomparable taste.<\/p>\n<p>Lomo: The air-dried back fillet is famous for its fine marbling and delicate nutty flavor.<\/p>\n<p>Hand cut and packed in Austria.<br \/>\nContent: 90g (30\/30\/30)<\/p>","protected":false},"excerpt":{"rendered":"<p>Degustaci\u00f3n der besten Produkte vom Iberico Schwein. Auch bei all diesen Produkten wird ausschlie\u00dflich das Fleisch vom freilebenden Iberico Schwein verwendet das sich von Gr\u00e4sern und Eicheln ern\u00e4hrt. Chorizo: Gew\u00fcrzt mit Paprika z\u00e4hlt die Chorizo zu einem der Klassiker der spanischen W\u00fcrste. Salchichon: Gew\u00fcrzt mit Pfeffer und luftgetrocknet entwickelt diese Salami einen unvergleichlichen Geschmack. Lomo: [&#8230;]<\/p>\n<p><a class=\"btn btn-secondary understrap-read-more-link\" href=\"https:\/\/reservaiberica.at\/en\/product\/degustacion-de-ibericos\/\">Read More&#8230;<span class=\"screen-reader-text\"> from Degustaci\u00f3n de iberic\u00f3s<\/span><\/a><\/p>\n","protected":false},"featured_media":1442,"comment_status":"open","ping_status":"closed","template":"","meta":{"_seopress_robots_primary_cat":"none","_seopress_titles_title":"","_seopress_titles_desc":"","_seopress_robots_index":""},"product_brand":[],"product_cat":[29,21],"product_tag":[],"class_list":{"0":"post-1391","1":"product","2":"type-product","3":"status-publish","4":"has-post-thumbnail","6":"product_cat-alleprodukte","7":"product_cat-ibericos","9":"first","10":"outofstock","11":"taxable","12":"shipping-taxable","13":"purchasable","14":"product-type-simple"},"jetpack_sharing_enabled":true,"_links":{"self":[{"href":"https:\/\/reservaiberica.at\/en\/wp-json\/wp\/v2\/product\/1391","targetHints":{"allow":["GET"]}}],"collection":[{"href":"https:\/\/reservaiberica.at\/en\/wp-json\/wp\/v2\/product"}],"about":[{"href":"https:\/\/reservaiberica.at\/en\/wp-json\/wp\/v2\/types\/product"}],"replies":[{"embeddable":true,"href":"https:\/\/reservaiberica.at\/en\/wp-json\/wp\/v2\/comments?post=1391"}],"wp:featuredmedia":[{"embeddable":true,"href":"https:\/\/reservaiberica.at\/en\/wp-json\/wp\/v2\/media\/1442"}],"wp:attachment":[{"href":"https:\/\/reservaiberica.at\/en\/wp-json\/wp\/v2\/media?parent=1391"}],"wp:term":[{"taxonomy":"product_brand","embeddable":true,"href":"https:\/\/reservaiberica.at\/en\/wp-json\/wp\/v2\/product_brand?post=1391"},{"taxonomy":"product_cat","embeddable":true,"href":"https:\/\/reservaiberica.at\/en\/wp-json\/wp\/v2\/product_cat?post=1391"},{"taxonomy":"product_tag","embeddable":true,"href":"https:\/\/reservaiberica.at\/en\/wp-json\/wp\/v2\/product_tag?post=1391"}],"curies":[{"name":"wp","href":"https:\/\/api.w.org\/{rel}","templated":true}]}}