{"id":618,"date":"2020-10-16T18:52:08","date_gmt":"2020-10-16T18:52:08","guid":{"rendered":"https:\/\/reservaiberica.at\/?page_id=618"},"modified":"2020-10-30T10:47:27","modified_gmt":"2020-10-30T10:47:27","slug":"datenschutz","status":"publish","type":"page","link":"https:\/\/reservaiberica.at\/en\/datenschutz\/","title":{"rendered":"Privacy"},"content":{"rendered":"<div data-elementor-type=\"wp-page\" data-elementor-id=\"618\" class=\"elementor elementor-618\" data-elementor-post-type=\"page\">\n\t\t\t\t\t\t<section class=\"elementor-section elementor-top-section elementor-element elementor-element-d1514db elementor-section-boxed elementor-section-height-default elementor-section-height-default\" data-id=\"d1514db\" data-element_type=\"section\" data-e-type=\"section\">\n\t\t\t\t\t\t<div class=\"elementor-container elementor-column-gap-default\">\n\t\t\t\t\t<div class=\"elementor-column elementor-col-100 elementor-top-column elementor-element elementor-element-5563d0b\" data-id=\"5563d0b\" data-element_type=\"column\" data-e-type=\"column\">\n\t\t\t<div class=\"elementor-widget-wrap elementor-element-populated\">\n\t\t\t\t\t\t<div class=\"elementor-element elementor-element-92127a2 elementor-widget elementor-widget-heading\" data-id=\"92127a2\" data-element_type=\"widget\" data-e-type=\"widget\" data-widget_type=\"heading.default\">\n\t\t\t\t<div class=\"elementor-widget-container\">\n\t\t\t\t\t<h2 class=\"elementor-heading-title elementor-size-default\">DATENSCHUTZERKL\u00c4RUNG<\/h2>\t\t\t\t<\/div>\n\t\t\t\t<\/div>\n\t\t\t\t<div class=\"elementor-element elementor-element-b643e0e elementor-widget elementor-widget-text-editor\" data-id=\"b643e0e\" data-element_type=\"widget\" data-e-type=\"widget\" data-widget_type=\"text-editor.default\">\n\t\t\t\t<div class=\"elementor-widget-container\">\n\t\t\t\t\t\t\t\t\t<p>Durch den Aufruf unserer Website werden automatisch Ihre Zugriffsdaten erhoben und gespeichert. Diese Zugriffsdaten k\u00f6nnen insbesondere die aufgerufene Seite, die angesehenen Dateien, Datum und Uhrzeit des Aufrufs, IP-Adresse des Benutzers, Daten des aufrufenden Rechners, insbesondere des Browsers und des Betriebssystems, sowie die Datenmenge und die Meldung des erfolgreichen Aufrufs umfassen. Diese Zugriffsdaten werden von uns f\u00fcr interne statistische Zwecke verwendet, um die Sicherheit unseres Angebots zu gew\u00e4hrleisten und um das Angebot zu optimieren. Bei Verdacht einer rechtswidrigen Handlung werden die Zugriffsdaten zur Beweissicherung ausgewertet.<\/p><p>Mit der Eingabe Ihrer personenbezogenen Daten in eines unserer Kontaktformulare stimmen Sie f\u00fcr die Dauer der Betreuung dieser konkreten Anfrage der \u00dcbermittlung an und Speicherung und Verarbeitung durch uns zu. Dies gilt insbesondere f\u00fcr Ihre Anfragen per Kontakt-Formular, Chat und E-Mails, die Sie uns senden. Wir ben\u00f6tigen diese Daten zur Bearbeitung Ihrer Anfrage und speichern in diesen F\u00e4llen auch Ihre IP-Adresse zu Zwecken der Beweissicherung. Die Speicherung erfolgt solange dies f\u00fcr die Betreuung allf\u00e4lliger erg\u00e4nzender oder nachtr\u00e4glicher gestellter Fragen durch Sie oder uns erforderlich ist.<\/p>\t\t\t\t\t\t\t\t<\/div>\n\t\t\t\t<\/div>\n\t\t\t\t\t<\/div>\n\t\t<\/div>\n\t\t\t\t\t<\/div>\n\t\t<\/section>\n\t\t\t\t<section class=\"elementor-section elementor-top-section elementor-element elementor-element-878a23b elementor-section-boxed elementor-section-height-default elementor-section-height-default\" data-id=\"878a23b\" data-element_type=\"section\" data-e-type=\"section\">\n\t\t\t\t\t\t<div class=\"elementor-container elementor-column-gap-default\">\n\t\t\t\t\t<div class=\"elementor-column elementor-col-100 elementor-top-column elementor-element elementor-element-983b439\" data-id=\"983b439\" data-element_type=\"column\" data-e-type=\"column\">\n\t\t\t<div class=\"elementor-widget-wrap elementor-element-populated\">\n\t\t\t\t\t\t<div class=\"elementor-element elementor-element-f0fb9bd elementor-hidden-desktop elementor-hidden-tablet elementor-hidden-phone elementor-widget elementor-widget-html\" data-id=\"f0fb9bd\" data-element_type=\"widget\" data-e-type=\"widget\" data-widget_type=\"html.default\">\n\t\t\t\t<div class=\"elementor-widget-container\">\n\t\t\t\t\t<script>\n$('body').addClass('non-hero');\n<\/script>\t\t\t\t<\/div>\n\t\t\t\t<\/div>\n\t\t\t\t\t<\/div>\n\t\t<\/div>\n\t\t\t\t\t<\/div>\n\t\t<\/section>\n\t\t\t\t<\/div>","protected":false},"excerpt":{"rendered":"<p>DATENSCHUTZERKL\u00c4RUNG Durch den Aufruf unserer Website werden automatisch Ihre Zugriffsdaten erhoben und gespeichert. Diese Zugriffsdaten k\u00f6nnen insbesondere die aufgerufene Seite, die angesehenen Dateien, Datum und Uhrzeit des Aufrufs, IP-Adresse des Benutzers, Daten des aufrufenden Rechners, insbesondere des Browsers und des Betriebssystems, sowie die Datenmenge und die Meldung des erfolgreichen Aufrufs umfassen. Diese Zugriffsdaten werden von [&#8230;]<\/p>\n<p><a class=\"btn btn-secondary understrap-read-more-link\" href=\"https:\/\/reservaiberica.at\/en\/datenschutz\/\">Read More&#8230;<span class=\"screen-reader-text\"> from Datenschutz<\/span><\/a><\/p>\n","protected":false},"author":1,"featured_media":0,"parent":0,"menu_order":0,"comment_status":"closed","ping_status":"closed","template":"elementor_header_footer","meta":{"_seopress_robots_primary_cat":"","_seopress_titles_title":"","_seopress_titles_desc":"","_seopress_robots_index":"","footnotes":""},"class_list":["post-618","page","type-page","status-publish","hentry"],"jetpack_sharing_enabled":true,"_links":{"self":[{"href":"https:\/\/reservaiberica.at\/en\/wp-json\/wp\/v2\/pages\/618","targetHints":{"allow":["GET"]}}],"collection":[{"href":"https:\/\/reservaiberica.at\/en\/wp-json\/wp\/v2\/pages"}],"about":[{"href":"https:\/\/reservaiberica.at\/en\/wp-json\/wp\/v2\/types\/page"}],"author":[{"embeddable":true,"href":"https:\/\/reservaiberica.at\/en\/wp-json\/wp\/v2\/users\/1"}],"replies":[{"embeddable":true,"href":"https:\/\/reservaiberica.at\/en\/wp-json\/wp\/v2\/comments?post=618"}],"version-history":[{"count":7,"href":"https:\/\/reservaiberica.at\/en\/wp-json\/wp\/v2\/pages\/618\/revisions"}],"predecessor-version":[{"id":983,"href":"https:\/\/reservaiberica.at\/en\/wp-json\/wp\/v2\/pages\/618\/revisions\/983"}],"wp:attachment":[{"href":"https:\/\/reservaiberica.at\/en\/wp-json\/wp\/v2\/media?parent=618"}],"curies":[{"name":"wp","href":"https:\/\/api.w.org\/{rel}","templated":true}]}}