{"id":613,"date":"2020-10-16T18:51:22","date_gmt":"2020-10-16T18:51:22","guid":{"rendered":"https:\/\/reservaiberica.at\/?page_id=613"},"modified":"2020-12-08T18:00:48","modified_gmt":"2020-12-08T18:00:48","slug":"impressum","status":"publish","type":"page","link":"https:\/\/reservaiberica.at\/en\/impressum\/","title":{"rendered":"Imprint"},"content":{"rendered":"<div data-elementor-type=\"wp-page\" data-elementor-id=\"613\" class=\"elementor elementor-613\" data-elementor-post-type=\"page\">\n\t\t\t\t\t\t<section class=\"elementor-section elementor-top-section elementor-element elementor-element-9dc4917 elementor-section-boxed elementor-section-height-default elementor-section-height-default\" data-id=\"9dc4917\" data-element_type=\"section\" data-e-type=\"section\">\n\t\t\t\t\t\t<div class=\"elementor-container elementor-column-gap-default\">\n\t\t\t\t\t<div class=\"elementor-column elementor-col-100 elementor-top-column elementor-element elementor-element-d715e59\" data-id=\"d715e59\" data-element_type=\"column\" data-e-type=\"column\">\n\t\t\t<div class=\"elementor-widget-wrap elementor-element-populated\">\n\t\t\t\t\t\t<div class=\"elementor-element elementor-element-029a369 elementor-widget elementor-widget-heading\" data-id=\"029a369\" data-element_type=\"widget\" data-e-type=\"widget\" data-widget_type=\"heading.default\">\n\t\t\t\t<div class=\"elementor-widget-container\">\n\t\t\t\t\t<h2 class=\"elementor-heading-title elementor-size-default\">Imprint<\/h2>\t\t\t\t<\/div>\n\t\t\t\t<\/div>\n\t\t\t\t<div class=\"elementor-element elementor-element-e8ace27 elementor-widget elementor-widget-text-editor\" data-id=\"e8ace27\" data-element_type=\"widget\" data-e-type=\"widget\" data-widget_type=\"text-editor.default\">\n\t\t\t\t<div class=\"elementor-widget-container\">\n\t\t\t\t\t\t\t\t\t<p>Iberica Gourmet OG<br \/>PICHLERGASSE 1<br \/>1090 WIEN<\/p><p><b>E-MAIL:<\/b> <a href=\"mailto:info@reservaiberica.at\">info@reservaiberica.at<\/a><br \/><b>TELEFON:<\/b>\u00a0<a href=\"tel:43 1 89 03 785\">+43 (0) 1 89 03 785<\/a><br \/><b>WEBSEITE: <\/b><a href=\"https:\/\/reservaiberica.at\/en\/\">https:\/\/reservaiberica.at<\/a><br \/><b>FACEBOOK:<\/b>\u00a0<a href=\"https:\/\/facebook.com\/reservaibericavie\/\">https:\/\/facebook.com\/reservaibericavie\/<\/a><\/p><p>\u00a0<\/p><p><b>GESELLSCHAFTSFORM:<\/b> OFFENE GESELLSCHAFT (OG)<br \/><strong>FIRMENBUCHNUMMER:<\/strong> FN539308a<br \/><b>GERICHTSSTAND:<\/b>\u00a0HANDELSGERICHT WIEN<br \/><b>VERLEIHUNGSSTAAT:<\/b>\u00a0\u00d6STERREICH<br \/><b>ANGABEN ZUR ONLINE-STREITBEILEGUNG:<\/b>\u00a0VERBRAUCHER HABEN DIE M\u00d6GLICHKEIT, BESCHWERDEN AN DIE ONLINE-STREITBEILEGUNGSPLATTFORM DER EU ZU RICHTEN: HTTP:\/\/EC.EUROPA.EU\/ODR.<br \/>SIE K\u00d6NNEN ALLF\u00c4LLIGE BESCHWERDE AUCH AN DIE OBEN ANGEGEBENE E-MAIL-ADRESSE RICHTEN.<\/p><p><b>HAFTUNG<\/b><br \/>DIE INHALTE DER HOMEPAGE WWW.RESERVAIIBERICA.AT WURDEN MIT BESTM\u00d6GLICHER SORGFALT RECHERCHIERT UND WERDEN LAUFEND AUF IHRE VOLLST\u00c4NDIGKEIT UND RICHTIGKEIT \u00dcBERPR\u00dcFT. DENNOCH K\u00d6NNEN WIR KEINE GARANTIE F\u00dcR DIE VOLLST\u00c4NDIGE FUNKTION UND RICHTIGKEIT \u00dcBERNEHMEN. ALLE ANGABEN ERFOLGEN OHNE GEW\u00c4HR. EINE HAFTUNG F\u00dcR SCH\u00c4DEN, DIE SICH AUS DER VERWENDUNG DER UNTER WWW.RESERVAIIBERICA.AT VER\u00d6FFENTLICHTEN INHALTE ODER SERVICES ERGEBEN, IST AUSGESCHLOSSEN.<\/p>\t\t\t\t\t\t\t\t<\/div>\n\t\t\t\t<\/div>\n\t\t\t\t<div class=\"elementor-element elementor-element-dc3b765 elementor-hidden-desktop elementor-hidden-tablet elementor-hidden-phone elementor-widget elementor-widget-html\" data-id=\"dc3b765\" data-element_type=\"widget\" data-e-type=\"widget\" data-widget_type=\"html.default\">\n\t\t\t\t<div class=\"elementor-widget-container\">\n\t\t\t\t\t<script>\n$('body').addClass('non-hero');\n<\/script>\t\t\t\t<\/div>\n\t\t\t\t<\/div>\n\t\t\t\t\t<\/div>\n\t\t<\/div>\n\t\t\t\t\t<\/div>\n\t\t<\/section>\n\t\t\t\t<\/div>","protected":false},"excerpt":{"rendered":"<p>Impressum Iberica Gourmet OGPICHLERGASSE 11090 WIEN E-MAIL: info@reservaiberica.atTELEFON:\u00a0+43 (0) 1 89 03 785WEBSEITE: https:\/\/reservaiberica.atFACEBOOK:\u00a0https:\/\/facebook.com\/reservaibericavie\/ \u00a0 GESELLSCHAFTSFORM: OFFENE GESELLSCHAFT (OG)FIRMENBUCHNUMMER: FN539308aGERICHTSSTAND:\u00a0HANDELSGERICHT WIENVERLEIHUNGSSTAAT:\u00a0\u00d6STERREICHANGABEN ZUR ONLINE-STREITBEILEGUNG:\u00a0VERBRAUCHER HABEN DIE M\u00d6GLICHKEIT, BESCHWERDEN AN DIE ONLINE-STREITBEILEGUNGSPLATTFORM DER EU ZU RICHTEN: HTTP:\/\/EC.EUROPA.EU\/ODR.SIE K\u00d6NNEN ALLF\u00c4LLIGE BESCHWERDE AUCH AN DIE OBEN ANGEGEBENE E-MAIL-ADRESSE RICHTEN. HAFTUNGDIE INHALTE DER HOMEPAGE WWW.RESERVAIIBERICA.AT WURDEN MIT BESTM\u00d6GLICHER SORGFALT RECHERCHIERT [&#8230;]<\/p>\n<p><a class=\"btn btn-secondary understrap-read-more-link\" href=\"https:\/\/reservaiberica.at\/en\/impressum\/\">Read More&#8230;<span class=\"screen-reader-text\"> from Impressum<\/span><\/a><\/p>\n","protected":false},"author":1,"featured_media":0,"parent":0,"menu_order":0,"comment_status":"closed","ping_status":"closed","template":"elementor_header_footer","meta":{"_seopress_robots_primary_cat":"","_seopress_titles_title":"","_seopress_titles_desc":"","_seopress_robots_index":"","footnotes":""},"class_list":["post-613","page","type-page","status-publish","hentry"],"jetpack_sharing_enabled":true,"_links":{"self":[{"href":"https:\/\/reservaiberica.at\/en\/wp-json\/wp\/v2\/pages\/613","targetHints":{"allow":["GET"]}}],"collection":[{"href":"https:\/\/reservaiberica.at\/en\/wp-json\/wp\/v2\/pages"}],"about":[{"href":"https:\/\/reservaiberica.at\/en\/wp-json\/wp\/v2\/types\/page"}],"author":[{"embeddable":true,"href":"https:\/\/reservaiberica.at\/en\/wp-json\/wp\/v2\/users\/1"}],"replies":[{"embeddable":true,"href":"https:\/\/reservaiberica.at\/en\/wp-json\/wp\/v2\/comments?post=613"}],"version-history":[{"count":17,"href":"https:\/\/reservaiberica.at\/en\/wp-json\/wp\/v2\/pages\/613\/revisions"}],"predecessor-version":[{"id":1469,"href":"https:\/\/reservaiberica.at\/en\/wp-json\/wp\/v2\/pages\/613\/revisions\/1469"}],"wp:attachment":[{"href":"https:\/\/reservaiberica.at\/en\/wp-json\/wp\/v2\/media?parent=613"}],"curies":[{"name":"wp","href":"https:\/\/api.w.org\/{rel}","templated":true}]}}